{"id":173,"date":"2025-04-08T13:23:30","date_gmt":"2025-04-08T16:23:30","guid":{"rendered":"https:\/\/www.ccae.ufpb.br\/secretariadoexecutivo\/?page_id=173"},"modified":"2025-04-08T13:23:30","modified_gmt":"2025-04-08T16:23:30","slug":"ppc-do-curso","status":"publish","type":"page","link":"https:\/\/www.ccae.ufpb.br\/secretariadoexecutivo\/ppc-do-curso\/","title":{"rendered":"PPC do curso"},"content":{"rendered":"\n<p class=\"has-text-align-left\">PROJETO PEDAG\u00d3GICO DO CURSO DE SECRETARIADO EXECUTIVO BIL\u00cdNGUE<\/p>\n\n\n\n<p><\/p>\n\n\n\n<p><a href=\"http:\/\/www.ccae.ufpb.br\/secretariadoexecutivo\/wp-content\/uploads\/sites\/170\/sites\/253\/2025\/04\/Resolucao-342023.pdf\" data-type=\"link\" data-id=\"http:\/\/www.ccae.ufpb.br\/secretariadoexecutivo\/wp-content\/uploads\/sites\/170\/sites\/253\/2025\/04\/Resolucao-342023.pdf\">RESOLU\u00c7\u00c3O N\u00b0 34\/2023<\/a> Aprova o Projeto Pedag\u00f3gico do Curso de Secretariado Executivo Bil\u00edngue, Bacharelado, do Centro de Ci\u00eancias Aplicadas e Educa\u00e7\u00e3o\/CCAE, Campus IV, desta Universidade.<\/p>\n\n\n\n<p><\/p>\n\n\n\n<p><a href=\"http:\/\/www.ccae.ufpb.br\/secretariadoexecutivo\/wp-content\/uploads\/sites\/170\/sites\/253\/2025\/04\/Resolucao-412006.pdf\" data-type=\"link\" data-id=\"http:\/\/www.ccae.ufpb.br\/secretariadoexecutivo\/wp-content\/uploads\/sites\/170\/sites\/253\/2025\/04\/Resolucao-412006.pdf\">RESOLU\u00c7\u00c3O N\u00b0 41\/2006<\/a> Aprova o Projeto Pedag\u00f3gico do Curso de Secretariado Executivo Bil\u00edngue, Bacharelado, do Centro de Ci\u00eancias Aplicadas e Educa\u00e7\u00e3o\/CCAE, Campus IV, desta Universidade<\/p>\n\n\n\n<p><\/p>\n","protected":false},"excerpt":{"rendered":"<p>PROJETO PEDAG\u00d3GICO DO CURSO DE SECRETARIADO EXECUTIVO BIL\u00cdNGUE RESOLU\u00c7\u00c3O N\u00b0 34\/2023 Aprova o Projeto Pedag\u00f3gico do Curso de Secretariado Executivo Bil\u00edngue, Bacharelado, do Centro de Ci\u00eancias Aplicadas e Educa\u00e7\u00e3o\/CCAE, Campus IV, desta Universidade. RESOLU\u00c7\u00c3O N\u00b0 41\/2006 Aprova o Projeto Pedag\u00f3gico do Curso de Secretariado Executivo Bil\u00edngue, Bacharelado, do Centro de Ci\u00eancias Aplicadas e Educa\u00e7\u00e3o\/CCAE, Campus [&hellip;]<\/p>\n","protected":false},"author":251,"featured_media":0,"parent":0,"menu_order":0,"comment_status":"closed","ping_status":"closed","template":"","meta":{"footnotes":""},"class_list":["post-173","page","type-page","status-publish","hentry"],"_links":{"self":[{"href":"https:\/\/www.ccae.ufpb.br\/secretariadoexecutivo\/wp-json\/wp\/v2\/pages\/173","targetHints":{"allow":["GET"]}}],"collection":[{"href":"https:\/\/www.ccae.ufpb.br\/secretariadoexecutivo\/wp-json\/wp\/v2\/pages"}],"about":[{"href":"https:\/\/www.ccae.ufpb.br\/secretariadoexecutivo\/wp-json\/wp\/v2\/types\/page"}],"author":[{"embeddable":true,"href":"https:\/\/www.ccae.ufpb.br\/secretariadoexecutivo\/wp-json\/wp\/v2\/users\/251"}],"replies":[{"embeddable":true,"href":"https:\/\/www.ccae.ufpb.br\/secretariadoexecutivo\/wp-json\/wp\/v2\/comments?post=173"}],"version-history":[{"count":7,"href":"https:\/\/www.ccae.ufpb.br\/secretariadoexecutivo\/wp-json\/wp\/v2\/pages\/173\/revisions"}],"predecessor-version":[{"id":183,"href":"https:\/\/www.ccae.ufpb.br\/secretariadoexecutivo\/wp-json\/wp\/v2\/pages\/173\/revisions\/183"}],"wp:attachment":[{"href":"https:\/\/www.ccae.ufpb.br\/secretariadoexecutivo\/wp-json\/wp\/v2\/media?parent=173"}],"curies":[{"name":"wp","href":"https:\/\/api.w.org\/{rel}","templated":true}]}}