{"id":184,"date":"2025-04-07T17:35:51","date_gmt":"2025-04-07T17:35:51","guid":{"rendered":"https:\/\/www.ccae.ufpb.br\/secretariadoexecutivo\/?page_id=184"},"modified":"2025-10-28T11:32:48","modified_gmt":"2025-10-28T14:32:48","slug":"labsec","status":"publish","type":"page","link":"https:\/\/www.ccae.ufpb.br\/secretariadoexecutivo\/labsec\/","title":{"rendered":"Labsec"},"content":{"rendered":"\n<p><\/p>\n\n\n\n<p class=\"has-text-align-center\">\ud83d\uddb1<a href=\"https:\/\/www.ccae.ufpb.br\/labsec\/reservas\/\"><mark style=\"background-color:#fcb900\" class=\"has-inline-color has-black-color\">Clique aqui para reservar o Labsec<\/mark><\/a><\/p>\n\n\n\n<p><\/p>\n\n\n\n<h2 class=\"wp-block-heading\">Apresenta\u00e7\u00e3o<\/h2>\n\n\n\n<p class=\"has-text-align-left\">O Laborat\u00f3rio de Secretariado (Labsec) da Universidade Federal da Para\u00edba, est\u00e1 localizado no Campus IV, em Mamanguape, servindo como um ambiente para o desenvolvimento de atividades acad\u00eamico-pedag\u00f3gicas ligadas aos componentes curriculares de todos os cursos do CCAE, bem como aos projetos de ensino, de pesquisa e de extens\u00e3o. Primando pela inclus\u00e3o e acessibilidade, o Labsec proporciona conforto ambiental, j\u00e1 que \u00e9 usado como um local de conviv\u00eancia, relaxamento e descanso, visando estimular o bem-estar da comunidade.<\/p>\n\n\n\n<div class=\"wp-block-columns is-layout-flex wp-container-core-columns-is-layout-9d6595d7 wp-block-columns-is-layout-flex\">\n<div class=\"wp-block-column is-layout-flow wp-block-column-is-layout-flow\" style=\"flex-basis:100%\"><\/div>\n<\/div>\n\n\n\n<p><a href=\"http:\/\/www.ccae.ufpb.br\/secretariadoexecutivo\/wp-content\/uploads\/sites\/170\/sites\/253\/2025\/04\/Resolucao-labsec.pdf\" data-type=\"link\" data-id=\"http:\/\/www.ccae.ufpb.br\/secretariadoexecutivo\/wp-content\/uploads\/sites\/170\/sites\/253\/2025\/04\/Resolucao-labsec.pdf\">Resolu\u00e7\u00e3o<\/a> &#8211; Regulamenta\u00e7\u00e3o do Laborat\u00f3rio Experimental de Secretariado Executivo (LABSEC)<\/p>\n\n\n\n<p><\/p>\n\n\n\n<p><strong>Equipe<\/strong><\/p>\n\n\n\n<p>Coordenadora geral \u2013 Prof\u00aa Cibelle da Silva Santiago <\/p>\n\n\n\n<p>Vice-Coordenadora &#8211; Prof.\u00aa Maika Bueque Zampier<\/p>\n\n\n\n<p><\/p>\n\n\n\n<p><strong>Contato<\/strong><\/p>\n\n\n\n<p>\u2709\ufe0f  <strong>labsec@ccae.ufpb.br<\/strong><\/p>\n\n\n\n<p>\ud83c\udf10 <a href=\"https:\/\/www.ccae.ufpb.br\/labsec\/\">https:\/\/www.ccae.ufpb.br\/labsec\/<\/a><\/p>\n\n\n\n<p><\/p>\n\n\n\n<p class=\"has-text-align-center\"><\/p>\n\n\n\n<p><\/p>\n","protected":false},"excerpt":{"rendered":"<p>\ud83d\uddb1Clique aqui para reservar o Labsec Apresenta\u00e7\u00e3o O Laborat\u00f3rio de Secretariado (Labsec) da Universidade Federal da Para\u00edba, est\u00e1 localizado no Campus IV, em Mamanguape, servindo como um ambiente para o desenvolvimento de atividades acad\u00eamico-pedag\u00f3gicas ligadas aos componentes curriculares de todos os cursos do CCAE, bem como aos projetos de ensino, de pesquisa e de extens\u00e3o. [&hellip;]<\/p>\n","protected":false},"author":251,"featured_media":0,"parent":0,"menu_order":0,"comment_status":"closed","ping_status":"closed","template":"","meta":{"footnotes":""},"class_list":["post-184","page","type-page","status-publish","hentry"],"_links":{"self":[{"href":"https:\/\/www.ccae.ufpb.br\/secretariadoexecutivo\/wp-json\/wp\/v2\/pages\/184","targetHints":{"allow":["GET"]}}],"collection":[{"href":"https:\/\/www.ccae.ufpb.br\/secretariadoexecutivo\/wp-json\/wp\/v2\/pages"}],"about":[{"href":"https:\/\/www.ccae.ufpb.br\/secretariadoexecutivo\/wp-json\/wp\/v2\/types\/page"}],"author":[{"embeddable":true,"href":"https:\/\/www.ccae.ufpb.br\/secretariadoexecutivo\/wp-json\/wp\/v2\/users\/251"}],"replies":[{"embeddable":true,"href":"https:\/\/www.ccae.ufpb.br\/secretariadoexecutivo\/wp-json\/wp\/v2\/comments?post=184"}],"version-history":[{"count":24,"href":"https:\/\/www.ccae.ufpb.br\/secretariadoexecutivo\/wp-json\/wp\/v2\/pages\/184\/revisions"}],"predecessor-version":[{"id":556,"href":"https:\/\/www.ccae.ufpb.br\/secretariadoexecutivo\/wp-json\/wp\/v2\/pages\/184\/revisions\/556"}],"wp:attachment":[{"href":"https:\/\/www.ccae.ufpb.br\/secretariadoexecutivo\/wp-json\/wp\/v2\/media?parent=184"}],"curies":[{"name":"wp","href":"https:\/\/api.w.org\/{rel}","templated":true}]}}