{"id":206,"date":"2025-04-08T13:23:21","date_gmt":"2025-04-08T16:23:21","guid":{"rendered":"https:\/\/www.ccae.ufpb.br\/secretariadoexecutivo\/?page_id=206"},"modified":"2025-05-22T14:48:00","modified_gmt":"2025-05-22T17:48:00","slug":"laurea-academica","status":"publish","type":"page","link":"https:\/\/www.ccae.ufpb.br\/secretariadoexecutivo\/laurea-academica\/","title":{"rendered":"L\u00e1urea Acad\u00eamica"},"content":{"rendered":"\n<p><\/p>\n\n\n\n<p><strong>Atos Normativos<\/strong><\/p>\n\n\n\n<p><a href=\"http:\/\/www.ccae.ufpb.br\/secretariadoexecutivo\/wp-content\/uploads\/sites\/170\/sites\/253\/2025\/04\/Resolucao-062022-Consuni.pdf\" data-type=\"link\" data-id=\"http:\/\/www.ccae.ufpb.br\/secretariadoexecutivo\/wp-content\/uploads\/sites\/170\/sites\/253\/2025\/04\/Resolucao-062022-Consuni.pdf\">Resolu\u00e7\u00e3o n\u00ba 06\/2022 &#8211; CONSUNI<\/a><\/p>\n\n\n\n<p><a href=\"http:\/\/www.ccae.ufpb.br\/secretariadoexecutivo\/wp-content\/uploads\/sites\/170\/sites\/253\/2025\/04\/IN-1.2023-PRG-RETIFICADA.pdf\" data-type=\"link\" data-id=\"http:\/\/www.ccae.ufpb.br\/secretariadoexecutivo\/wp-content\/uploads\/sites\/170\/sites\/253\/2025\/04\/IN-1.2023-PRG-RETIFICADA.pdf\">Instru\u00e7\u00e3o Normativa n\u00ba 1\/2023 \u2013 PRG<\/a><\/p>\n\n\n\n<p><\/p>\n\n\n\n<p><\/p>\n\n\n\n<p><strong>Portarias da Comiss\u00e3o Avaliadora da L\u00e1urea Acad\u00eamica<\/strong><\/p>\n\n\n\n<p><a href=\"http:\/\/www.ccae.ufpb.br\/secretariadoexecutivo\/wp-content\/uploads\/sites\/170\/sites\/253\/2025\/04\/Portaria-Comissao-da-Laurea.pdf\" data-type=\"link\" data-id=\"http:\/\/www.ccae.ufpb.br\/secretariadoexecutivo\/wp-content\/uploads\/sites\/170\/sites\/253\/2025\/04\/Portaria-Comissao-da-Laurea.pdf\">Portaria da Comiss\u00e3o Avaliadora da L\u00e1urea Acad\u00eamica (2024-2026)<\/a><\/p>\n\n\n\n<p><\/p>\n\n\n\n<p><\/p>\n\n\n\n<p><strong>Relat\u00f3rios da Comiss\u00e3o Avaliadora  <\/strong><\/p>\n\n\n\n<p><a href=\"http:\/\/www.ccae.ufpb.br\/secretariadoexecutivo\/wp-content\/uploads\/sites\/170\/sites\/253\/2025\/04\/Relatorio-Laurea-2023.2.pdf\" data-type=\"link\" data-id=\"http:\/\/www.ccae.ufpb.br\/secretariadoexecutivo\/wp-content\/uploads\/sites\/170\/sites\/253\/2025\/04\/Relatorio-Laurea-2023.2.pdf\">Relat\u00f3rio da Comiss\u00e3o (L\u00e1urea 2023.2)<\/a><\/p>\n\n\n\n<p><a href=\"http:\/\/www.ccae.ufpb.br\/secretariadoexecutivo\/wp-content\/uploads\/sites\/170\/sites\/253\/2025\/04\/Relatorio-Laurea-2024.1.pdf\" data-type=\"link\" data-id=\"http:\/\/www.ccae.ufpb.br\/secretariadoexecutivo\/wp-content\/uploads\/sites\/170\/sites\/253\/2025\/04\/Relatorio-Laurea-2024.1.pdf\">Relat\u00f3rio da Comiss\u00e3o (L\u00e1urea 2024.1)<\/a><\/p>\n\n\n\n<p><a href=\"http:\/\/www.ccae.ufpb.br\/secretariadoexecutivo\/wp-content\/uploads\/sites\/170\/sites\/253\/2025\/05\/RELATORIO_7_2025_CCAE_-_SGA_045642848450521964596-1.pdf\" data-type=\"link\" data-id=\"http:\/\/www.ccae.ufpb.br\/secretariadoexecutivo\/wp-content\/uploads\/sites\/170\/sites\/253\/2025\/05\/RELATORIO_7_2025_CCAE_-_SGA_045642848450521964596-1.pdf\">Relat\u00f3rio da Comiss\u00e3o (L\u00e1urea 2024.2)<\/a><\/p>\n\n\n\n<p><\/p>\n","protected":false},"excerpt":{"rendered":"<p>Atos Normativos Resolu\u00e7\u00e3o n\u00ba 06\/2022 &#8211; CONSUNI Instru\u00e7\u00e3o Normativa n\u00ba 1\/2023 \u2013 PRG Portarias da Comiss\u00e3o Avaliadora da L\u00e1urea Acad\u00eamica Portaria da Comiss\u00e3o Avaliadora da L\u00e1urea Acad\u00eamica (2024-2026) Relat\u00f3rios da Comiss\u00e3o Avaliadora Relat\u00f3rio da Comiss\u00e3o (L\u00e1urea 2023.2) Relat\u00f3rio da Comiss\u00e3o (L\u00e1urea 2024.1) Relat\u00f3rio da Comiss\u00e3o (L\u00e1urea 2024.2)<\/p>\n","protected":false},"author":251,"featured_media":0,"parent":0,"menu_order":0,"comment_status":"closed","ping_status":"closed","template":"","meta":{"footnotes":""},"class_list":["post-206","page","type-page","status-publish","hentry"],"_links":{"self":[{"href":"https:\/\/www.ccae.ufpb.br\/secretariadoexecutivo\/wp-json\/wp\/v2\/pages\/206","targetHints":{"allow":["GET"]}}],"collection":[{"href":"https:\/\/www.ccae.ufpb.br\/secretariadoexecutivo\/wp-json\/wp\/v2\/pages"}],"about":[{"href":"https:\/\/www.ccae.ufpb.br\/secretariadoexecutivo\/wp-json\/wp\/v2\/types\/page"}],"author":[{"embeddable":true,"href":"https:\/\/www.ccae.ufpb.br\/secretariadoexecutivo\/wp-json\/wp\/v2\/users\/251"}],"replies":[{"embeddable":true,"href":"https:\/\/www.ccae.ufpb.br\/secretariadoexecutivo\/wp-json\/wp\/v2\/comments?post=206"}],"version-history":[{"count":12,"href":"https:\/\/www.ccae.ufpb.br\/secretariadoexecutivo\/wp-json\/wp\/v2\/pages\/206\/revisions"}],"predecessor-version":[{"id":497,"href":"https:\/\/www.ccae.ufpb.br\/secretariadoexecutivo\/wp-json\/wp\/v2\/pages\/206\/revisions\/497"}],"wp:attachment":[{"href":"https:\/\/www.ccae.ufpb.br\/secretariadoexecutivo\/wp-json\/wp\/v2\/media?parent=206"}],"curies":[{"name":"wp","href":"https:\/\/api.w.org\/{rel}","templated":true}]}}