{"id":233,"date":"2025-04-08T13:22:18","date_gmt":"2025-04-08T16:22:18","guid":{"rendered":"https:\/\/www.ccae.ufpb.br\/secretariadoexecutivo\/?page_id=233"},"modified":"2025-12-09T11:25:16","modified_gmt":"2025-12-09T14:25:16","slug":"atos-normativos","status":"publish","type":"page","link":"https:\/\/www.ccae.ufpb.br\/secretariadoexecutivo\/atos-normativos\/","title":{"rendered":"Atos Normativos"},"content":{"rendered":"\n<p><\/p>\n\n\n\n<h2 class=\"wp-block-heading\"><strong>UFPB<\/strong><\/h2>\n\n\n\n<hr class=\"wp-block-separator has-alpha-channel-opacity is-style-default\" \/>\n\n\n\n<div style=\"height:15px\" aria-hidden=\"true\" class=\"wp-block-spacer\"><\/div>\n\n\n\n<p><a href=\"http:\/\/www.ccae.ufpb.br\/secretariadoexecutivo\/wp-content\/uploads\/sites\/170\/sites\/253\/2025\/04\/Regimento-Geral-UFPB.pdf\" data-type=\"link\" data-id=\"http:\/\/www.ccae.ufpb.br\/secretariadoexecutivo\/wp-content\/uploads\/sites\/170\/sites\/253\/2025\/04\/Regimento-Geral-UFPB.pdf\" target=\"_blank\" rel=\"noreferrer noopener\">Regimento Geral da UFPB<\/a><\/p>\n\n\n\n<p><a href=\"http:\/\/www.ccae.ufpb.br\/secretariadoexecutivo\/wp-content\/uploads\/sites\/170\/sites\/253\/2025\/04\/RESOLUCAO_29_2020.pdflamento%20Geral%20de%20Gradua%C3%A7%C3%A3o.pdf\" data-type=\"link\" data-id=\"https:\/\/www.ufpb.br\/letras\/contents\/Requerimentos\/resolucoes\/resolucao-no-29-2020-regulamento-geral-de-graduacao.pdf\/@@download\/file\/RESOLU%C3%87%C3%83O%20N%C2%BA%2029.2020-Regulamento%20Geral%20de%20Gradua%C3%A7%C3%A3o.pdf\" target=\"_blank\" rel=\"noreferrer noopener\">Resolu\u00e7\u00e3o n\u00ba 29\/2020 &#8211; CONSEPE<\/a> : <a href=\"http:\/\/www.ccae.ufpb.br\/secretariadoexecutivo\/wp-content\/uploads\/sites\/170\/sites\/253\/2025\/04\/RESOLUCAO_29_2020.pdflamento%20Geral%20de%20Gradua%C3%A7%C3%A3o.pdf\" target=\"_blank\" rel=\"noreferrer noopener\">Regulamento Geral de Gradua\u00e7\u00e3o<\/a><\/p>\n\n\n\n<p><a href=\"https:\/\/www.ccae.ufpb.br\/secretariadoexecutivo\/wp-content\/uploads\/sites\/170\/sites\/253\/2025\/11\/Resolucao_Integridade-em-trabalhos-academicos_Consepe_n_57.2025.pdf\" data-type=\"attachment\" data-id=\"588\" target=\"_blank\" rel=\"noreferrer noopener\">Resolu\u00e7\u00e3o n\u00ba 57\/2025 &#8211; CONSEPE : Pol\u00edtica de Integridade Acad\u00eamica e Cient\u00edfica no \u00e2mbito da UFPB<\/a><\/p>\n\n\n\n<h2 class=\"wp-block-heading\"><strong>Campus IV<\/strong><\/h2>\n\n\n\n<hr class=\"wp-block-separator has-alpha-channel-opacity is-style-default\" \/>\n\n\n\n<div style=\"height:15px\" aria-hidden=\"true\" class=\"wp-block-spacer\"><\/div>\n\n\n\n<p><a href=\"http:\/\/www.ccae.ufpb.br\/secretariadoexecutivo\/wp-content\/uploads\/sites\/170\/sites\/253\/2025\/04\/Resolucao-052006.pdf\" data-type=\"link\" data-id=\"http:\/\/www.ccae.ufpb.br\/secretariadoexecutivo\/wp-content\/uploads\/sites\/170\/sites\/253\/2025\/04\/Resolucao-052006.pdf\">Cria\u00e7\u00e3o do Campus IV (Resolu\u00e7\u00e3o n\u00ba 05\/2006)<\/a><\/p>\n\n\n\n<p><\/p>\n\n\n\n<h2 class=\"wp-block-heading\"><strong>Curso de Secretariado<\/strong><\/h2>\n\n\n\n<hr class=\"wp-block-separator has-alpha-channel-opacity is-style-default\" \/>\n\n\n\n<div style=\"height:15px\" aria-hidden=\"true\" class=\"wp-block-spacer\"><\/div>\n\n\n\n<p><a href=\"http:\/\/www.ccae.ufpb.br\/secretariadoexecutivo\/wp-content\/uploads\/sites\/170\/sites\/253\/2025\/04\/2006ATOAUTORIZATIVOSECRETARIADO_EXECUTIVO_BILINGUE-2.pdf\" data-type=\"link\" data-id=\"http:\/\/www.ccae.ufpb.br\/secretariadoexecutivo\/wp-content\/uploads\/sites\/170\/sites\/253\/2025\/04\/2006ATOAUTORIZATIVOSECRETARIADO_EXECUTIVO_BILINGUE-2.pdf\" target=\"_blank\" rel=\"noreferrer noopener\">Ato autorizativo do Curso &#8211; Resolu\u00e7\u00e3o n\u00ba 40\/2006 &#8211; CONSEPE<\/a><\/p>\n\n\n\n<p><a href=\"http:\/\/www.ccae.ufpb.br\/secretariadoexecutivo\/wp-content\/uploads\/sites\/170\/sites\/253\/2025\/04\/Renovacao-de-Reconhecimento-2011.pdf\" data-type=\"link\" data-id=\"http:\/\/www.ccae.ufpb.br\/secretariadoexecutivo\/wp-content\/uploads\/sites\/170\/sites\/253\/2025\/04\/Renovacao-de-Reconhecimento-2011.pdf\" target=\"_blank\" rel=\"noreferrer noopener\">Renova\u00e7\u00e3o de Reconhecimento &#8211; 2011<\/a><\/p>\n\n\n\n<p><a href=\"http:\/\/www.ccae.ufpb.br\/secretariadoexecutivo\/wp-content\/uploads\/sites\/170\/sites\/253\/2025\/04\/Renovacao-de-Reconhecimento-2013.pdf\" data-type=\"link\" data-id=\"http:\/\/www.ccae.ufpb.br\/secretariadoexecutivo\/wp-content\/uploads\/sites\/170\/sites\/253\/2025\/04\/Renovacao-de-Reconhecimento-2013.pdf\" target=\"_blank\" rel=\"noreferrer noopener\">Renova\u00e7\u00e3o de Reconhecimento &#8211; 2013<\/a><\/p>\n\n\n\n<p><a href=\"http:\/\/www.ccae.ufpb.br\/secretariadoexecutivo\/wp-content\/uploads\/sites\/170\/sites\/253\/2025\/04\/Renovacao-de-Reconhecimento-2017.pdf\" data-type=\"link\" data-id=\"http:\/\/www.ccae.ufpb.br\/secretariadoexecutivo\/wp-content\/uploads\/sites\/170\/sites\/253\/2025\/04\/Renovacao-de-Reconhecimento-2017.pdf\" target=\"_blank\" rel=\"noreferrer noopener\">Renova\u00e7\u00e3o de Reconhecimento &#8211; 2017<\/a><\/p>\n\n\n\n<p><a href=\"http:\/\/www.ccae.ufpb.br\/secretariadoexecutivo\/wp-content\/uploads\/sites\/170\/sites\/253\/2025\/04\/Renovacao-de-Reconhecimento-2024-.pdf\" data-type=\"link\" data-id=\"http:\/\/www.ccae.ufpb.br\/secretariadoexecutivo\/wp-content\/uploads\/sites\/170\/sites\/253\/2025\/04\/Renovacao-de-Reconhecimento-2024-.pdf\" target=\"_blank\" rel=\"noreferrer noopener\">Renova\u00e7\u00e3o de Reconhecimento &#8211; 2024<\/a><\/p>\n\n\n\n<p><a href=\"https:\/\/www.ccae.ufpb.br\/secretariadoexecutivo\/wp-admin\/post.php?post=173&amp;action=edit\" data-type=\"link\" data-id=\"https:\/\/www.ccae.ufpb.br\/secretariadoexecutivo\/wp-admin\/post.php?post=173&amp;action=edit\" target=\"_blank\" rel=\"noreferrer noopener\">Projeto Pedag\u00f3gico do Curso &#8211; PPC<\/a><\/p>\n\n\n\n<p><a href=\"http:\/\/www.ccae.ufpb.br\/secretariadoexecutivo\/wp-content\/uploads\/sites\/170\/sites\/253\/2025\/04\/Resolucao-CSEB-012024.pdf\" data-type=\"link\" data-id=\"http:\/\/www.ccae.ufpb.br\/secretariadoexecutivo\/wp-content\/uploads\/sites\/170\/sites\/253\/2025\/04\/Resolucao-CSEB-012024.pdf\" target=\"_blank\" rel=\"noreferrer noopener\">Resolu\u00e7\u00e3o CCSEB n\u00ba 01\/2024<\/a><\/p>\n\n\n\n<p><a href=\"http:\/\/www.ccae.ufpb.br\/secretariadoexecutivo\/wp-content\/uploads\/sites\/170\/sites\/253\/2025\/04\/Resolucao-CSEB-022024.pdf\" data-type=\"link\" data-id=\"http:\/\/www.ccae.ufpb.br\/secretariadoexecutivo\/wp-content\/uploads\/sites\/170\/sites\/253\/2025\/04\/Resolucao-CSEB-022024.pdf\" target=\"_blank\" rel=\"noreferrer noopener\">Resolu\u00e7\u00e3o CCSEB n\u00ba 02\/2024<\/a><\/p>\n\n\n\n<p><a href=\"http:\/\/www.ccae.ufpb.br\/secretariadoexecutivo\/wp-content\/uploads\/sites\/170\/sites\/253\/2025\/04\/Resolucao-CSEB-032024.pdf\" data-type=\"link\" data-id=\"http:\/\/www.ccae.ufpb.br\/secretariadoexecutivo\/wp-content\/uploads\/sites\/170\/sites\/253\/2025\/04\/Resolucao-CSEB-032024.pdf\" target=\"_blank\" rel=\"noreferrer noopener\">Resolu\u00e7\u00e3o CCSEB n\u00b0 03\/2024<\/a><\/p>\n\n\n\n<p><a href=\"http:\/\/www.ccae.ufpb.br\/secretariadoexecutivo\/wp-content\/uploads\/sites\/170\/sites\/253\/2025\/04\/Resolucao-CSEB-042024.pdf\" data-type=\"link\" data-id=\"http:\/\/www.ccae.ufpb.br\/secretariadoexecutivo\/wp-content\/uploads\/sites\/170\/sites\/253\/2025\/04\/Resolucao-CSEB-042024.pdf\" target=\"_blank\" rel=\"noreferrer noopener\">Resolu\u00e7\u00e3o CCSEB n\u00b0 04\/2024<\/a><\/p>\n\n\n\n<p><a href=\"https:\/\/www.ccae.ufpb.br\/secretariadoexecutivo\/wp-content\/uploads\/sites\/170\/sites\/253\/2025\/09\/RESOLUCAO-001-2025-CARGA-HORARIA-EAD-VFinal-Rose.pdf\" data-type=\"attachment\" data-id=\"534\" target=\"_blank\" rel=\"noreferrer noopener\">Resolu\u00e7\u00e3o CCSEB n\u00b0 001\/2025<\/a><\/p>\n\n\n\n<h2 class=\"wp-block-heading\"><strong>Editais<\/strong><\/h2>\n\n\n\n<hr class=\"wp-block-separator has-alpha-channel-opacity is-style-default\" \/>\n\n\n\n<div style=\"height:15px\" aria-hidden=\"true\" class=\"wp-block-spacer\"><\/div>\n\n\n\n<p><a href=\"https:\/\/www.ccae.ufpb.br\/secretariadoexecutivo\/wp-content\/uploads\/sites\/170\/sites\/253\/2025\/12\/Edital-Espanhol-Atualizado.pdf\" data-type=\"attachment\" data-id=\"593\" target=\"_blank\" rel=\"noreferrer noopener\">Edital n\u00ba 11\/2025 : Sele\u00e7\u00e3o de Alunos para Monitoria Ano 2026 &#8211; Monitoria das Disciplinas de L\u00edngua Espanhola<\/a><\/p>\n\n\n\n<h2 class=\"wp-block-heading\"><strong>Portarias<\/strong><\/h2>\n\n\n\n<hr class=\"wp-block-separator has-alpha-channel-opacity is-style-default\" \/>\n\n\n\n<div style=\"height:15px\" aria-hidden=\"true\" class=\"wp-block-spacer\"><\/div>\n\n\n\n<p><a href=\"https:\/\/www.ccae.ufpb.br\/secretariadoexecutivo\/wp-content\/uploads\/sites\/170\/sites\/253\/2025\/12\/Portaria-Comissao-Cientifica-TCC-Prazo-ate-08-Dez-2025.pdf\" data-type=\"attachment\" data-id=\"596\">PORTARIA N\u00ba 7\/2025 &#8211; CCAE &#8211; SGA 04 : Indica\u00e7\u00e3o da Comiss\u00e3o Cient\u00edfica de TCC do curso de Secretariado Executivo Bil\u00edngue do CCAE\/UFPB<\/a><\/p>\n\n\n\n<p><\/p>\n\n\n\n<p><\/p>\n","protected":false},"excerpt":{"rendered":"<p>UFPB Regimento Geral da UFPB Resolu\u00e7\u00e3o n\u00ba 29\/2020 &#8211; CONSEPE : Regulamento Geral de Gradua\u00e7\u00e3o Resolu\u00e7\u00e3o n\u00ba 57\/2025 &#8211; CONSEPE : Pol\u00edtica de Integridade Acad\u00eamica e Cient\u00edfica no \u00e2mbito da UFPB Campus IV Cria\u00e7\u00e3o do Campus IV (Resolu\u00e7\u00e3o n\u00ba 05\/2006) Curso de Secretariado Ato autorizativo do Curso &#8211; Resolu\u00e7\u00e3o n\u00ba 40\/2006 &#8211; CONSEPE Renova\u00e7\u00e3o de [&hellip;]<\/p>\n","protected":false},"author":251,"featured_media":0,"parent":0,"menu_order":0,"comment_status":"closed","ping_status":"closed","template":"","meta":{"footnotes":""},"class_list":["post-233","page","type-page","status-publish","hentry"],"_links":{"self":[{"href":"https:\/\/www.ccae.ufpb.br\/secretariadoexecutivo\/wp-json\/wp\/v2\/pages\/233","targetHints":{"allow":["GET"]}}],"collection":[{"href":"https:\/\/www.ccae.ufpb.br\/secretariadoexecutivo\/wp-json\/wp\/v2\/pages"}],"about":[{"href":"https:\/\/www.ccae.ufpb.br\/secretariadoexecutivo\/wp-json\/wp\/v2\/types\/page"}],"author":[{"embeddable":true,"href":"https:\/\/www.ccae.ufpb.br\/secretariadoexecutivo\/wp-json\/wp\/v2\/users\/251"}],"replies":[{"embeddable":true,"href":"https:\/\/www.ccae.ufpb.br\/secretariadoexecutivo\/wp-json\/wp\/v2\/comments?post=233"}],"version-history":[{"count":11,"href":"https:\/\/www.ccae.ufpb.br\/secretariadoexecutivo\/wp-json\/wp\/v2\/pages\/233\/revisions"}],"predecessor-version":[{"id":598,"href":"https:\/\/www.ccae.ufpb.br\/secretariadoexecutivo\/wp-json\/wp\/v2\/pages\/233\/revisions\/598"}],"wp:attachment":[{"href":"https:\/\/www.ccae.ufpb.br\/secretariadoexecutivo\/wp-json\/wp\/v2\/media?parent=233"}],"curies":[{"name":"wp","href":"https:\/\/api.w.org\/{rel}","templated":true}]}}