{"id":253,"date":"2025-04-08T13:22:27","date_gmt":"2025-04-08T16:22:27","guid":{"rendered":"https:\/\/www.ccae.ufpb.br\/secretariadoexecutivo\/?page_id=253"},"modified":"2025-04-08T13:22:27","modified_gmt":"2025-04-08T16:22:27","slug":"colegiado-nde-e-ciac","status":"publish","type":"page","link":"https:\/\/www.ccae.ufpb.br\/secretariadoexecutivo\/colegiado-nde-e-ciac\/","title":{"rendered":"Colegiado, NDE e CIAC"},"content":{"rendered":"\n<p><\/p>\n\n\n\n<p><strong>Colegiado do curso de Secretariado Executivo Bil\u00edngue <\/strong><\/p>\n\n\n\n<p>\u25aa\ufe0f2024-2026 &#8211; <a href=\"http:\/\/www.ccae.ufpb.br\/secretariadoexecutivo\/wp-content\/uploads\/sites\/170\/sites\/253\/2025\/04\/Portaria-Colegiado-2024-2026.pdf\" data-type=\"link\" data-id=\"http:\/\/www.ccae.ufpb.br\/secretariadoexecutivo\/wp-content\/uploads\/sites\/170\/sites\/253\/2025\/04\/Portaria-Colegiado-2024-2026.pdf\" target=\"_blank\" rel=\"noreferrer noopener\">Portaria 29\/2024 &#8211; CCAE-DC<\/a><\/p>\n\n\n\n<p><\/p>\n\n\n\n<p><strong>N\u00facleo Docente Estruturante do curso de Secretariado Executivo <\/strong><\/p>\n\n\n\n<p>\u25aa\ufe0f2024-2026 &#8211; <a href=\"http:\/\/www.ccae.ufpb.br\/secretariadoexecutivo\/wp-content\/uploads\/sites\/170\/sites\/253\/2025\/04\/Portaria-NDE-2024-2026-1.pdf\" data-type=\"link\" data-id=\"http:\/\/www.ccae.ufpb.br\/secretariadoexecutivo\/wp-content\/uploads\/sites\/170\/sites\/253\/2025\/04\/Portaria-NDE-2024-2026-1.pdf\" target=\"_blank\" rel=\"noreferrer noopener\">Portaria 30\/2024 &#8211; CCAE-DC<\/a><\/p>\n\n\n\n<p><\/p>\n\n\n\n<p><strong>Comiss\u00e3o Interna de Avalia\u00e7\u00e3o do Curso<\/strong><\/p>\n\n\n\n<p><a href=\"http:\/\/www.ccae.ufpb.br\/secretariadoexecutivo\/wp-content\/uploads\/sites\/170\/sites\/253\/2025\/04\/Regimento-da-CIAC.pdf\" data-type=\"link\" data-id=\"http:\/\/www.ccae.ufpb.br\/secretariadoexecutivo\/wp-content\/uploads\/sites\/170\/sites\/253\/2025\/04\/Regimento-da-CIAC.pdf\" target=\"_blank\" rel=\"noreferrer noopener\">Regimento da CIAC do curso de Secretariado <\/a><\/p>\n\n\n\n<p>\u25aa\ufe0f2024-2025 &#8211; <a href=\"http:\/\/www.ccae.ufpb.br\/secretariadoexecutivo\/wp-content\/uploads\/sites\/170\/sites\/253\/2025\/04\/Portaria-CIAC.pdfhttp:\/\/www.ccae.ufpb.br\/secretariadoexecutivo\/wp-content\/uploads\/sites\/170\/sites\/253\/2025\/04\/Portaria-CIAC.pdf\" data-type=\"link\" data-id=\"http:\/\/www.ccae.ufpb.br\/secretariadoexecutivo\/wp-content\/uploads\/sites\/170\/sites\/253\/2025\/04\/Portaria-CIAC.pdfhttp:\/\/www.ccae.ufpb.br\/secretariadoexecutivo\/wp-content\/uploads\/sites\/170\/sites\/253\/2025\/04\/Portaria-CIAC.pdf\" target=\"_blank\" rel=\"noreferrer noopener\">Portaria 8022404\/2024 &#8211; CCAE-CSEB<\/a><\/p>\n\n\n\n<p><\/p>\n","protected":false},"excerpt":{"rendered":"<p>Colegiado do curso de Secretariado Executivo Bil\u00edngue \u25aa\ufe0f2024-2026 &#8211; Portaria 29\/2024 &#8211; CCAE-DC N\u00facleo Docente Estruturante do curso de Secretariado Executivo \u25aa\ufe0f2024-2026 &#8211; Portaria 30\/2024 &#8211; CCAE-DC Comiss\u00e3o Interna de Avalia\u00e7\u00e3o do Curso Regimento da CIAC do curso de Secretariado \u25aa\ufe0f2024-2025 &#8211; Portaria 8022404\/2024 &#8211; CCAE-CSEB<\/p>\n","protected":false},"author":251,"featured_media":0,"parent":0,"menu_order":0,"comment_status":"closed","ping_status":"closed","template":"","meta":{"footnotes":""},"class_list":["post-253","page","type-page","status-publish","hentry"],"_links":{"self":[{"href":"https:\/\/www.ccae.ufpb.br\/secretariadoexecutivo\/wp-json\/wp\/v2\/pages\/253","targetHints":{"allow":["GET"]}}],"collection":[{"href":"https:\/\/www.ccae.ufpb.br\/secretariadoexecutivo\/wp-json\/wp\/v2\/pages"}],"about":[{"href":"https:\/\/www.ccae.ufpb.br\/secretariadoexecutivo\/wp-json\/wp\/v2\/types\/page"}],"author":[{"embeddable":true,"href":"https:\/\/www.ccae.ufpb.br\/secretariadoexecutivo\/wp-json\/wp\/v2\/users\/251"}],"replies":[{"embeddable":true,"href":"https:\/\/www.ccae.ufpb.br\/secretariadoexecutivo\/wp-json\/wp\/v2\/comments?post=253"}],"version-history":[{"count":6,"href":"https:\/\/www.ccae.ufpb.br\/secretariadoexecutivo\/wp-json\/wp\/v2\/pages\/253\/revisions"}],"predecessor-version":[{"id":276,"href":"https:\/\/www.ccae.ufpb.br\/secretariadoexecutivo\/wp-json\/wp\/v2\/pages\/253\/revisions\/276"}],"wp:attachment":[{"href":"https:\/\/www.ccae.ufpb.br\/secretariadoexecutivo\/wp-json\/wp\/v2\/media?parent=253"}],"curies":[{"name":"wp","href":"https:\/\/api.w.org\/{rel}","templated":true}]}}