{"id":283,"date":"2025-04-08T13:22:37","date_gmt":"2025-04-08T16:22:37","guid":{"rendered":"https:\/\/www.ccae.ufpb.br\/secretariadoexecutivo\/?page_id=283"},"modified":"2025-04-08T13:22:37","modified_gmt":"2025-04-08T16:22:37","slug":"enade","status":"publish","type":"page","link":"https:\/\/www.ccae.ufpb.br\/secretariadoexecutivo\/enade\/","title":{"rendered":"ENADE"},"content":{"rendered":"\n<p><\/p>\n\n\n\n<p>O Exame Nacional de Desempenho de Estudantes (Enade) avalia o rendimento dos concluintes dos cursos de gradua\u00e7\u00e3o, em rela\u00e7\u00e3o aos conte\u00fados program\u00e1ticos, habilidades e compet\u00eancias adquiridas em sua forma\u00e7\u00e3o. <\/p>\n\n\n\n<p>O curso de Secretariado Executivo Bil\u00edngue integra o grupo de cursos avaliados no Ano III de cada Ciclo Avaliativo do Enade, juntamente com os cursos de bacharelado na \u00c1rea de Conhecimento &#8220;Ci\u00eancias Sociais Aplicadas&#8221; e \u00e1reas afins.<\/p>\n\n\n\n<p>O exame \u00e9 obrigat\u00f3rio para estudantes ingressantes e concluintes e a situa\u00e7\u00e3o de regularidade do estudante no Exame deve constar em seu hist\u00f3rico escolar como Enade ingressante e Enade concluinte. <\/p>\n\n\n\n<p><\/p>\n\n\n\n<figure class=\"wp-block-table\"><table class=\"has-fixed-layout\"><tbody><tr><td><strong>Provas Anteriores<\/strong><\/td><td><strong>Gabaritos<\/strong><\/td><\/tr><tr><td><a href=\"http:\/\/www.ccae.ufpb.br\/secretariadoexecutivo\/wp-content\/uploads\/sites\/170\/sites\/253\/2025\/04\/PROVA_ENADE_2018.pdf\" data-type=\"link\" data-id=\"http:\/\/www.ccae.ufpb.br\/secretariadoexecutivo\/wp-content\/uploads\/sites\/170\/sites\/253\/2025\/04\/PROVA_ENADE_2018.pdf\" target=\"_blank\" rel=\"noreferrer noopener\">2018<\/a><\/td><td><a href=\"http:\/\/www.ccae.ufpb.br\/secretariadoexecutivo\/wp-content\/uploads\/sites\/170\/sites\/253\/2025\/04\/GABARITO_2018.pdf\" data-type=\"link\" data-id=\"http:\/\/www.ccae.ufpb.br\/secretariadoexecutivo\/wp-content\/uploads\/sites\/170\/sites\/253\/2025\/04\/GABARITO_2018.pdf\" target=\"_blank\" rel=\"noreferrer noopener\">2018<\/a><\/td><\/tr><tr><td><a href=\"http:\/\/www.ccae.ufpb.br\/secretariadoexecutivo\/wp-content\/uploads\/sites\/170\/sites\/253\/2025\/04\/enade-2015.pdf\" data-type=\"link\" data-id=\"http:\/\/www.ccae.ufpb.br\/secretariadoexecutivo\/wp-content\/uploads\/sites\/170\/sites\/253\/2025\/04\/enade-2015.pdf\" target=\"_blank\" rel=\"noreferrer noopener\">2015<\/a><\/td><td><a href=\"http:\/\/www.ccae.ufpb.br\/secretariadoexecutivo\/wp-content\/uploads\/sites\/170\/sites\/253\/2025\/04\/gaba_2015.pdf\" data-type=\"link\" data-id=\"http:\/\/www.ccae.ufpb.br\/secretariadoexecutivo\/wp-content\/uploads\/sites\/170\/sites\/253\/2025\/04\/gaba_2015.pdf\" target=\"_blank\" rel=\"noreferrer noopener\">2015<\/a><\/td><\/tr><tr><td><a href=\"http:\/\/www.ccae.ufpb.br\/secretariadoexecutivo\/wp-content\/uploads\/sites\/170\/sites\/253\/2025\/04\/enade-2012.pdf\" data-type=\"link\" data-id=\"http:\/\/www.ccae.ufpb.br\/secretariadoexecutivo\/wp-content\/uploads\/sites\/170\/sites\/253\/2025\/04\/enade-2012.pdf\" target=\"_blank\" rel=\"noreferrer noopener\">2012<\/a><\/td><td><a href=\"http:\/\/www.ccae.ufpb.br\/secretariadoexecutivo\/wp-content\/uploads\/sites\/170\/sites\/253\/2025\/04\/gaba_2012.pdf\" data-type=\"link\" data-id=\"http:\/\/www.ccae.ufpb.br\/secretariadoexecutivo\/wp-content\/uploads\/sites\/170\/sites\/253\/2025\/04\/gaba_2012.pdf\" target=\"_blank\" rel=\"noreferrer noopener\">2012<\/a><\/td><\/tr><tr><td><a href=\"https:\/\/s3.amazonaws.com\/files-s3.iesde.com.br\/resolucaoq\/prova\/prova\/43205.pdf\" data-type=\"link\" data-id=\"https:\/\/s3.amazonaws.com\/files-s3.iesde.com.br\/resolucaoq\/prova\/prova\/43205.pdf\" target=\"_blank\" rel=\"noreferrer noopener\">2009<\/a><\/td><td><a href=\"http:\/\/www.ccae.ufpb.br\/secretariadoexecutivo\/wp-content\/uploads\/sites\/170\/sites\/253\/2025\/04\/gaba_2009.pdf\" data-type=\"link\" data-id=\"http:\/\/www.ccae.ufpb.br\/secretariadoexecutivo\/wp-content\/uploads\/sites\/170\/sites\/253\/2025\/04\/gaba_2009.pdf\" target=\"_blank\" rel=\"noreferrer noopener\">2009<\/a><\/td><\/tr><tr><td><a href=\"http:\/\/www.ccae.ufpb.br\/secretariadoexecutivo\/wp-content\/uploads\/sites\/170\/sites\/253\/2025\/04\/enade-2006.pdf\" data-type=\"link\" data-id=\"http:\/\/www.ccae.ufpb.br\/secretariadoexecutivo\/wp-content\/uploads\/sites\/170\/sites\/253\/2025\/04\/enade-2006.pdf\" target=\"_blank\" rel=\"noreferrer noopener\">2006<\/a><\/td><td><a href=\"http:\/\/www.ccae.ufpb.br\/secretariadoexecutivo\/wp-content\/uploads\/sites\/170\/sites\/253\/2025\/04\/gaba_2006.pdf\" data-type=\"link\" data-id=\"http:\/\/www.ccae.ufpb.br\/secretariadoexecutivo\/wp-content\/uploads\/sites\/170\/sites\/253\/2025\/04\/gaba_2006.pdf\" target=\"_blank\" rel=\"noreferrer noopener\">2006<\/a><\/td><\/tr><\/tbody><\/table><\/figure>\n\n\n\n<p><\/p>\n\n\n\n<p><strong>Portarias<\/strong><\/p>\n\n\n\n<p><a href=\"http:\/\/www.ccae.ufpb.br\/secretariadoexecutivo\/wp-content\/uploads\/sites\/170\/sites\/253\/2025\/04\/formacao-geral-portaria-inep-no-239-enade-2015-sec-exec-1.pdf\" data-type=\"link\" data-id=\"http:\/\/www.ccae.ufpb.br\/secretariadoexecutivo\/wp-content\/uploads\/sites\/170\/sites\/253\/2025\/04\/formacao-geral-portaria-inep-no-239-enade-2015-sec-exec-1.pdf\" target=\"_blank\" rel=\"noreferrer noopener\">Geral<\/a><\/p>\n\n\n\n<p><a href=\"http:\/\/www.ccae.ufpb.br\/secretariadoexecutivo\/wp-content\/uploads\/sites\/170\/sites\/253\/2025\/04\/formacao-area-epecifica-portaria-inep-no-241-enade-2015-sec-exec-1.pdf\" target=\"_blank\" rel=\"noreferrer noopener\">Espec\u00edfica<\/a><\/p>\n\n\n\n<p><\/p>\n","protected":false},"excerpt":{"rendered":"<p>O Exame Nacional de Desempenho de Estudantes (Enade) avalia o rendimento dos concluintes dos cursos de gradua\u00e7\u00e3o, em rela\u00e7\u00e3o aos conte\u00fados program\u00e1ticos, habilidades e compet\u00eancias adquiridas em sua forma\u00e7\u00e3o. O curso de Secretariado Executivo Bil\u00edngue integra o grupo de cursos avaliados no Ano III de cada Ciclo Avaliativo do Enade, juntamente com os cursos de [&hellip;]<\/p>\n","protected":false},"author":251,"featured_media":0,"parent":0,"menu_order":0,"comment_status":"closed","ping_status":"closed","template":"","meta":{"footnotes":""},"class_list":["post-283","page","type-page","status-publish","hentry"],"_links":{"self":[{"href":"https:\/\/www.ccae.ufpb.br\/secretariadoexecutivo\/wp-json\/wp\/v2\/pages\/283","targetHints":{"allow":["GET"]}}],"collection":[{"href":"https:\/\/www.ccae.ufpb.br\/secretariadoexecutivo\/wp-json\/wp\/v2\/pages"}],"about":[{"href":"https:\/\/www.ccae.ufpb.br\/secretariadoexecutivo\/wp-json\/wp\/v2\/types\/page"}],"author":[{"embeddable":true,"href":"https:\/\/www.ccae.ufpb.br\/secretariadoexecutivo\/wp-json\/wp\/v2\/users\/251"}],"replies":[{"embeddable":true,"href":"https:\/\/www.ccae.ufpb.br\/secretariadoexecutivo\/wp-json\/wp\/v2\/comments?post=283"}],"version-history":[{"count":8,"href":"https:\/\/www.ccae.ufpb.br\/secretariadoexecutivo\/wp-json\/wp\/v2\/pages\/283\/revisions"}],"predecessor-version":[{"id":303,"href":"https:\/\/www.ccae.ufpb.br\/secretariadoexecutivo\/wp-json\/wp\/v2\/pages\/283\/revisions\/303"}],"wp:attachment":[{"href":"https:\/\/www.ccae.ufpb.br\/secretariadoexecutivo\/wp-json\/wp\/v2\/media?parent=283"}],"curies":[{"name":"wp","href":"https:\/\/api.w.org\/{rel}","templated":true}]}}