{"id":323,"date":"2025-04-08T10:40:59","date_gmt":"2025-04-08T13:40:59","guid":{"rendered":"https:\/\/www.ccae.ufpb.br\/secretariadoexecutivo\/?page_id=323"},"modified":"2025-04-08T10:57:11","modified_gmt":"2025-04-08T13:57:11","slug":"aproveitamento-dispensa-de-disciplina","status":"publish","type":"page","link":"https:\/\/www.ccae.ufpb.br\/secretariadoexecutivo\/aproveitamento-dispensa-de-disciplina\/","title":{"rendered":"Aproveitamento e Dispensa de Componente Curricular"},"content":{"rendered":"\n<p><\/p>\n\n\n\n<p><strong>Base Legal<\/strong><\/p>\n\n\n\n<p><a href=\"https:\/\/sig-arq.ufpb.br\/arquivos\/2020189051e2be2611980cbe468246287\/Resp29.20.pdf\" target=\"_blank\" rel=\"noreferrer noopener\">Resolu\u00e7\u00e3o CONSEPE n.\u00ba 29\/2020<\/a>,&nbsp;artigos 40 a 45.<\/p>\n\n\n\n<p><strong>Documenta\u00e7\u00e3o necess\u00e1ria<\/strong><\/p>\n\n\n\n<ul class=\"wp-block-list\">\n<li>Requerimento Geral;<\/li>\n\n\n\n<li>Hist\u00f3rico Acad\u00eamico atualizado, no qual conste(m) o(s) componente(s) curricular(es) cursado(s) com sua(s) respectiva(s) carga(s) hor\u00e1ria(s) e resultado(s) obtido(s);<\/li>\n\n\n\n<li>Plano de Curso do(s) componente(s) curricular(es) cursado(s);<\/li>\n\n\n\n<li>Ato de reconhecimento do curso, quando n\u00e3o especificado no Hist\u00f3rico Acad\u00eamico; e<\/li>\n\n\n\n<li>Documento emitido por \u00f3rg\u00e3o competente do pa\u00eds de origem, que comprove a exist\u00eancia do curso de gradua\u00e7\u00e3o de institui\u00e7\u00e3o de ensino superior, quando o(s) componente(s) curricular(es) for(em) cursado(s) no exterior.<\/li>\n<\/ul>\n\n\n\n<p><strong>Observa\u00e7\u00e3o<\/strong>: Havendo solicita\u00e7\u00e3o de aproveitamento ou dispensa de mais de um componente curricular, deve ser enviado um requerimento para cada disciplina.&nbsp;<\/p>\n\n\n\n<p><strong>Etapas do processo<\/strong><\/p>\n\n\n\n<p class=\" \"><strong>Discente<\/strong><\/p>\n\n\n\n<ol class=\"wp-block-list\">\n<li>Enviar toda a documenta\u00e7\u00e3o para o e-mail da Coordena\u00e7\u00e3o do Curso;<\/li>\n\n\n\n<li>Acompanhar movimenta\u00e7\u00e3o do processo no\u00a0<a href=\"https:\/\/sipac.ufpb.br\/\" target=\"_blank\" rel=\"noreferrer noopener\">SIPAC<\/a>;<\/li>\n<\/ol>\n\n\n\n<p class=\" \"><strong>Coordena\u00e7\u00e3o do Curso<\/strong><\/p>\n\n\n\n<ul class=\"wp-block-list\">\n<li>Conferir a documenta\u00e7\u00e3o apresentada;<\/li>\n\n\n\n<li>Abrir processo no\u00a0<a href=\"https:\/\/sipac.ufpb.br\/\" target=\"_blank\" rel=\"noreferrer noopener\">SIPAC<\/a>, com assunto:\u00a0125.23 &#8211; CURSOS DE GRADUA\u00c7\u00c3O &#8211; ISEN\u00c7\u00c3O DE DISCIPLINAS. DISPENSA DE DISCIPLINAS. APROVEITAMENTO DE ESTUDOS<\/li>\n\n\n\n<li>Encaminhar o processo ao Departamento competente;<\/li>\n\n\n\n<li>Ap\u00f3s receber o processo com a decis\u00e3o do Departamento, registrar o aproveitamento do componente curricular.<\/li>\n\n\n\n<li>Arquivar o processo.<\/li>\n<\/ul>\n\n\n\n<p class=\" \">&nbsp;<\/p>\n\n\n\n<p class=\" \"><strong>Observa\u00e7\u00e3o<\/strong>:&nbsp;Em caso de d\u00favida de qual Departamento \u00e9 respons\u00e1vel por determinado componente curricular, o discente pode consultar no&nbsp;<a href=\"https:\/\/sigaa.ufpb.br\/\" target=\"_blank\" rel=\"noreferrer noopener\">SIGAA<\/a>, no menu Ensino (ou no menu Gradua\u00e7\u00e3o), no item Componentes Curriculares, e verificar Unidade Respons\u00e1vel.<\/p>\n\n\n\n<p class=\" \">&nbsp;<\/p>\n\n\n\n<p class=\" \"><strong>Departamento<\/strong><\/p>\n\n\n\n<ul class=\"wp-block-list\">\n<li>Apreciar o pedido no prazo m\u00e1ximo de 30 (trinta) dias;<\/li>\n\n\n\n<li>Restituir o processo com a respectiva decis\u00e3o \u00e0 Coordena\u00e7\u00e3o do curso.<\/li>\n<\/ul>\n","protected":false},"excerpt":{"rendered":"<p>Base Legal Resolu\u00e7\u00e3o CONSEPE n.\u00ba 29\/2020,&nbsp;artigos 40 a 45. Documenta\u00e7\u00e3o necess\u00e1ria Observa\u00e7\u00e3o: Havendo solicita\u00e7\u00e3o de aproveitamento ou dispensa de mais de um componente curricular, deve ser enviado um requerimento para cada disciplina.&nbsp; Etapas do processo Discente Coordena\u00e7\u00e3o do Curso &nbsp; Observa\u00e7\u00e3o:&nbsp;Em caso de d\u00favida de qual Departamento \u00e9 respons\u00e1vel por determinado componente curricular, o discente [&hellip;]<\/p>\n","protected":false},"author":63,"featured_media":0,"parent":0,"menu_order":0,"comment_status":"closed","ping_status":"closed","template":"","meta":{"footnotes":""},"class_list":["post-323","page","type-page","status-publish","hentry"],"_links":{"self":[{"href":"https:\/\/www.ccae.ufpb.br\/secretariadoexecutivo\/wp-json\/wp\/v2\/pages\/323","targetHints":{"allow":["GET"]}}],"collection":[{"href":"https:\/\/www.ccae.ufpb.br\/secretariadoexecutivo\/wp-json\/wp\/v2\/pages"}],"about":[{"href":"https:\/\/www.ccae.ufpb.br\/secretariadoexecutivo\/wp-json\/wp\/v2\/types\/page"}],"author":[{"embeddable":true,"href":"https:\/\/www.ccae.ufpb.br\/secretariadoexecutivo\/wp-json\/wp\/v2\/users\/63"}],"replies":[{"embeddable":true,"href":"https:\/\/www.ccae.ufpb.br\/secretariadoexecutivo\/wp-json\/wp\/v2\/comments?post=323"}],"version-history":[{"count":2,"href":"https:\/\/www.ccae.ufpb.br\/secretariadoexecutivo\/wp-json\/wp\/v2\/pages\/323\/revisions"}],"predecessor-version":[{"id":347,"href":"https:\/\/www.ccae.ufpb.br\/secretariadoexecutivo\/wp-json\/wp\/v2\/pages\/323\/revisions\/347"}],"wp:attachment":[{"href":"https:\/\/www.ccae.ufpb.br\/secretariadoexecutivo\/wp-json\/wp\/v2\/media?parent=323"}],"curies":[{"name":"wp","href":"https:\/\/api.w.org\/{rel}","templated":true}]}}