{"id":325,"date":"2025-04-08T10:42:49","date_gmt":"2025-04-08T13:42:49","guid":{"rendered":"https:\/\/www.ccae.ufpb.br\/secretariadoexecutivo\/?page_id=325"},"modified":"2025-04-08T10:42:49","modified_gmt":"2025-04-08T13:42:49","slug":"aproveitamento-dos-componentes-flexiveis","status":"publish","type":"page","link":"https:\/\/www.ccae.ufpb.br\/secretariadoexecutivo\/aproveitamento-dos-componentes-flexiveis\/","title":{"rendered":"Aproveitamento dos Componentes Flex\u00edveis"},"content":{"rendered":"\n<p><\/p>\n\n\n\n<p><strong>Base Legal<\/strong><\/p>\n\n\n\n<p><a href=\"http:\/\/www.ccsa.ufpb.br\/cccc\/contents\/documentos\/resolucao_16_2015_consepe.pdf\" target=\"_blank\" rel=\"noreferrer noopener\"><\/a><a href=\"https:\/\/sig-arq.ufpb.br\/arquivos\/2020189051e2be2611980cbe468246287\/Resp29.20.pdf\" target=\"_blank\" rel=\"noreferrer noopener\">Resolu\u00e7\u00e3o CONSEPE n.\u00ba 29\/2020<\/a>, Art. 16, \u00a7 2\u00ba, inciso II, al\u00ednea &#8220;c&#8221;;<\/p>\n\n\n\n<p><a href=\"https:\/\/www.ccae.ufpb.br\/secretariado\/contents\/documentos\/Resoluo01_2020_ContedosCurricularesFlexveis.pdf\">Resolu\u00e7\u00e3o CCSEB N\u00ba 01\/2020<\/a>&nbsp;&#8211; &nbsp;Regulamenta os Conte\u00fados Curriculares Flex\u00edveis<\/p>\n\n\n\n<p><strong>Documenta\u00e7\u00e3o necess\u00e1ria<\/strong><\/p>\n\n\n\n<ul class=\"wp-block-list\">\n<li><a href=\"https:\/\/www.ccae.ufpb.br\/secretariado\/contents\/documentos\/copy2_of_RequerimentoGeral.pdf\">Requerimento Geral<\/a>;\u00a0<\/li>\n\n\n\n<li>Memorial (1. um breve relato de sua vida\u00a0acad\u00eamica; 2. a descri\u00e7\u00e3o das atividades realizadas; 3. uma avalia\u00e7\u00e3o da contribui\u00e7\u00e3o dessas\u00a0atividades para sua forma\u00e7\u00e3o acad\u00eamica e profissional);<\/li>\n\n\n\n<li>Anexos (Certificados e comprovantes das atividades realizadas, conforme\u00a0<a href=\"https:\/\/www.ccae.ufpb.br\/secretariado\/contents\/documentos\/Anexo1CCSEB012020.pdf\">Anexo I<\/a>\u00a0da Resolu\u00e7\u00e3o CCSEB 01\/2020).<\/li>\n<\/ul>\n\n\n\n<p><strong>Observa\u00e7\u00f5es:<\/strong><\/p>\n\n\n\n<ul class=\"wp-block-list\">\n<li>Os requerimentos devem estar devidamente preenchidos, sem rasuras, assinados (manuscrito ou via SouGov) e datados;<\/li>\n\n\n\n<li>A documenta\u00e7\u00e3o\u00a0deve ser enviada em PDF<strong>\u00a0<\/strong>e<strong>\u00a0<\/strong>em arquivo \u00fanico.\u00a0<\/li>\n\n\n\n<li>O discente pode requerer o aproveitamento das Atividades Complementares Flex\u00edveis a partir do momento em que tiver conclu\u00eddo:\u00a0<\/li>\n<\/ul>\n\n\n\n<figure class=\"wp-block-table\"><table class=\"has-fixed-layout\"><tbody><tr><td><strong>PPC 2006 &nbsp; &nbsp; &nbsp;<\/strong><\/td><td>45 horas\/aula, equivalentes a 3 cr\u00e9ditos<\/td><\/tr><tr><td><strong>PPC 2023<\/strong><\/td><td>120 horas\/aula, equivalentes a 8 cr\u00e9ditos<\/td><\/tr><\/tbody><\/table><\/figure>\n\n\n\n<p><strong>Etapas do processo<\/strong><\/p>\n\n\n\n<p><strong>Discente<\/strong><\/p>\n\n\n\n<ol class=\"wp-block-list\">\n<li>Enviar \u00a0a documenta\u00e7\u00e3o para o e-mail da Coordena\u00e7\u00e3o do Curso (csecretariado@ccae.ufpb.br);<\/li>\n\n\n\n<li>Acompanhar movimenta\u00e7\u00e3o do processo no\u00a0<a href=\"https:\/\/sipac.ufpb.br\/\" target=\"_blank\" rel=\"noreferrer noopener\">SIPAC<\/a>.<\/li>\n<\/ol>\n\n\n\n<p><strong>Coordena\u00e7\u00e3o do Curso<\/strong><\/p>\n\n\n\n<ol class=\"wp-block-list\">\n<li>Conferir a documenta\u00e7\u00e3o apresentada;<\/li>\n\n\n\n<li>Abrir processo no\u00a0<a href=\"https:\/\/sipac.ufpb.br\/\" target=\"_blank\" rel=\"noreferrer noopener\">SIPAC<\/a>, com assunto:\u00a0122.32 &#8211; CURSOS DE GRADUA\u00c7\u00c3O &#8211; ATIVIDADES COMPLEMENTARES<\/li>\n\n\n\n<li>Designar professor avaliador, que ser\u00e1 respons\u00e1vel por analisar o processo e emitir parecer;<\/li>\n\n\n\n<li>Encaminhar o processo para o Departamento;<\/li>\n\n\n\n<li>Registrar o aproveitamento do componente curricular.<\/li>\n\n\n\n<li>Arquivar o processo.<\/li>\n<\/ol>\n\n\n\n<p><strong>Departamento<\/strong><\/p>\n\n\n\n<ol class=\"wp-block-list\">\n<li>Receber o processo da Coordena\u00e7\u00e3o;<\/li>\n\n\n\n<li>Encaminhar para o professor avaliador;<\/li>\n\n\n\n<li>Devolver o processo para a Coordena\u00e7\u00e3o, com o parecer do processo avaliador.<\/li>\n<\/ol>\n","protected":false},"excerpt":{"rendered":"<p>Base Legal Resolu\u00e7\u00e3o CONSEPE n.\u00ba 29\/2020, Art. 16, \u00a7 2\u00ba, inciso II, al\u00ednea &#8220;c&#8221;; Resolu\u00e7\u00e3o CCSEB N\u00ba 01\/2020&nbsp;&#8211; &nbsp;Regulamenta os Conte\u00fados Curriculares Flex\u00edveis Documenta\u00e7\u00e3o necess\u00e1ria Observa\u00e7\u00f5es: PPC 2006 &nbsp; &nbsp; &nbsp; 45 horas\/aula, equivalentes a 3 cr\u00e9ditos PPC 2023 120 horas\/aula, equivalentes a 8 cr\u00e9ditos Etapas do processo Discente Coordena\u00e7\u00e3o do Curso Departamento<\/p>\n","protected":false},"author":63,"featured_media":0,"parent":0,"menu_order":0,"comment_status":"closed","ping_status":"closed","template":"","meta":{"footnotes":""},"class_list":["post-325","page","type-page","status-publish","hentry"],"_links":{"self":[{"href":"https:\/\/www.ccae.ufpb.br\/secretariadoexecutivo\/wp-json\/wp\/v2\/pages\/325","targetHints":{"allow":["GET"]}}],"collection":[{"href":"https:\/\/www.ccae.ufpb.br\/secretariadoexecutivo\/wp-json\/wp\/v2\/pages"}],"about":[{"href":"https:\/\/www.ccae.ufpb.br\/secretariadoexecutivo\/wp-json\/wp\/v2\/types\/page"}],"author":[{"embeddable":true,"href":"https:\/\/www.ccae.ufpb.br\/secretariadoexecutivo\/wp-json\/wp\/v2\/users\/63"}],"replies":[{"embeddable":true,"href":"https:\/\/www.ccae.ufpb.br\/secretariadoexecutivo\/wp-json\/wp\/v2\/comments?post=325"}],"version-history":[{"count":1,"href":"https:\/\/www.ccae.ufpb.br\/secretariadoexecutivo\/wp-json\/wp\/v2\/pages\/325\/revisions"}],"predecessor-version":[{"id":326,"href":"https:\/\/www.ccae.ufpb.br\/secretariadoexecutivo\/wp-json\/wp\/v2\/pages\/325\/revisions\/326"}],"wp:attachment":[{"href":"https:\/\/www.ccae.ufpb.br\/secretariadoexecutivo\/wp-json\/wp\/v2\/media?parent=325"}],"curies":[{"name":"wp","href":"https:\/\/api.w.org\/{rel}","templated":true}]}}