{"id":329,"date":"2025-04-08T10:45:13","date_gmt":"2025-04-08T13:45:13","guid":{"rendered":"https:\/\/www.ccae.ufpb.br\/secretariadoexecutivo\/?page_id=329"},"modified":"2025-04-08T10:45:13","modified_gmt":"2025-04-08T13:45:13","slug":"cancelamento-de-vinculo","status":"publish","type":"page","link":"https:\/\/www.ccae.ufpb.br\/secretariadoexecutivo\/cancelamento-de-vinculo\/","title":{"rendered":"Cancelamento de V\u00ednculo"},"content":{"rendered":"\n<p><\/p>\n\n\n\n<p><strong>Base Legal<\/strong><\/p>\n\n\n\n<p class=\" \">&nbsp;<a href=\"https:\/\/sig-arq.ufpb.br\/arquivos\/2020189051e2be2611980cbe468246287\/Resp29.20.pdf\" target=\"_blank\" rel=\"noreferrer noopener\">Resolu\u00e7\u00e3o CONSEPE n.\u00ba 29\/2020<\/a>,&nbsp;artigo 173, IX,&nbsp;\u00a71\u00ba e&nbsp;\u00a72\u00ba.<\/p>\n\n\n\n<p><strong>Documenta\u00e7\u00e3o necess\u00e1ria<\/strong><\/p>\n\n\n\n<ul class=\"wp-block-list\">\n<li><a href=\"https:\/\/www.ccae.ufpb.br\/secretariado\/contents\/documentos\/copy2_of_RequerimentoGeral.pdf\">Requerimento\u00a0Geral<\/a>\u00a0<\/li>\n\n\n\n<li>Documento Oficial de Identifica\u00e7\u00e3o com foto (Rag, CNH, Passaporte, et) digitalizado.<\/li>\n<\/ul>\n\n\n\n<p>&nbsp;<br><strong>Observa\u00e7\u00e3o:<\/strong>&nbsp;O requerimento deve estar devidamente preenchido, sem rasura, assinado (manuscrito ou via SouGov) e datado.<\/p>\n\n\n\n<p>&nbsp;<strong>Informa\u00e7\u00e3o Importante&nbsp;<\/strong><\/p>\n\n\n\n<figure class=\"wp-block-table\"><table class=\"has-fixed-layout\"><tbody><tr><td><strong>Cancelamento de V\u00ednculo<\/strong><\/td><td><strong>Trancamento do curso<\/strong><\/td><\/tr><tr><td>O cancelamento de v\u00ednculo \u00e9 a&nbsp;<strong>interrup\u00e7\u00e3o&nbsp;<\/strong><strong>definitiva<\/strong>&nbsp;do seu v\u00ednculo com a institui\u00e7\u00e3o. Uma vez cancelado,&nbsp;<strong>voc\u00ea perde<\/strong><strong>&nbsp;o direito de retomar<\/strong>&nbsp;o curso sem passar por um novo processo seletivo. &nbsp; &nbsp; &nbsp; &nbsp; &nbsp; &nbsp; &nbsp; &nbsp; &nbsp; &nbsp; &nbsp; &nbsp; &nbsp; &nbsp; &nbsp; &nbsp; &nbsp; &nbsp; &nbsp; &nbsp; &nbsp; &nbsp; &nbsp; &nbsp; &nbsp; &nbsp; &nbsp; &nbsp; &nbsp; &nbsp; &nbsp; &nbsp; &nbsp; &nbsp; &nbsp; &nbsp; &nbsp; &nbsp; &nbsp; &nbsp; &nbsp; &nbsp; &nbsp;&nbsp;<\/td><td>O trancamento de curso \u00e9 a&nbsp;<strong>suspens\u00e3o tempor\u00e1ria<\/strong>&nbsp;de suas atividades acad\u00eamicas. Durante o per\u00edodo de&nbsp;trancamento, voc\u00ea mant\u00e9m o v\u00ednculo com a institui\u00e7\u00e3o e&nbsp;<strong>pode retornar ao<\/strong><strong>&nbsp;curso<\/strong>&nbsp;dentro do prazo estipulado, sem necessidade de novo processo seletivo.<\/td><\/tr><\/tbody><\/table><\/figure>\n\n\n\n<p class=\" \">&nbsp;<\/p>\n\n\n\n<p><strong>Etapas do processo<\/strong><\/p>\n\n\n\n<p><strong>Discente<\/strong><\/p>\n\n\n\n<ol class=\"wp-block-list\">\n<li>Enviar toda a documenta\u00e7\u00e3o para o E-mail da Coordena\u00e7\u00e3o do Curso (csecretariado@ccae.ufpb.br);<\/li>\n\n\n\n<li>Acompanhar movimenta\u00e7\u00e3o do processo no\u00a0<a href=\"https:\/\/sipac.ufpb.br\/\" target=\"_blank\" rel=\"noreferrer noopener\">SIPAC<\/a>.<\/li>\n<\/ol>\n\n\n\n<p><strong>Coordena\u00e7\u00e3o do Curso<\/strong><\/p>\n\n\n\n<ol class=\"wp-block-list\">\n<li>Conferir a documenta\u00e7\u00e3o apresentada;<\/li>\n\n\n\n<li>Abrir processo no\u00a0<a href=\"https:\/\/sipac.ufpb.br\/\" target=\"_blank\" rel=\"noreferrer noopener\">SIPAC<\/a>\u00a0com a documenta\u00e7\u00e3o comprobat\u00f3ria;<\/li>\n\n\n\n<li>Encaminhar o processo \u00e0\u00a0Subcoordena\u00e7\u00e3o de Admiss\u00e3o (SCA) da Coordena\u00e7\u00e3o Acad\u00eamica (CA) da\u00a0<a href=\"http:\/\/prg.ufpb.br\/\" target=\"_blank\" rel=\"noreferrer noopener\">Pr\u00f3-Reitoria de Gradua\u00e7\u00e3o<\/a>\u00a0(PRG).<\/li>\n<\/ol>\n\n\n\n<p><strong>Subcoordena\u00e7\u00e3o de Admiss\u00e3o (SCA) da Coordena\u00e7\u00e3o Acad\u00eamica (CA) da Pr\u00f3-Reitoria de Gradua\u00e7\u00e3o (PRG)<\/strong><\/p>\n\n\n\n<ul class=\"wp-block-list\">\n<li>Realizar o cancelamento de v\u00ednculo.\u00a0<\/li>\n<\/ul>\n","protected":false},"excerpt":{"rendered":"<p>Base Legal &nbsp;Resolu\u00e7\u00e3o CONSEPE n.\u00ba 29\/2020,&nbsp;artigo 173, IX,&nbsp;\u00a71\u00ba e&nbsp;\u00a72\u00ba. Documenta\u00e7\u00e3o necess\u00e1ria &nbsp;Observa\u00e7\u00e3o:&nbsp;O requerimento deve estar devidamente preenchido, sem rasura, assinado (manuscrito ou via SouGov) e datado. &nbsp;Informa\u00e7\u00e3o Importante&nbsp; Cancelamento de V\u00ednculo Trancamento do curso O cancelamento de v\u00ednculo \u00e9 a&nbsp;interrup\u00e7\u00e3o&nbsp;definitiva&nbsp;do seu v\u00ednculo com a institui\u00e7\u00e3o. Uma vez cancelado,&nbsp;voc\u00ea perde&nbsp;o direito de retomar&nbsp;o curso sem passar [&hellip;]<\/p>\n","protected":false},"author":63,"featured_media":0,"parent":0,"menu_order":0,"comment_status":"closed","ping_status":"closed","template":"","meta":{"footnotes":""},"class_list":["post-329","page","type-page","status-publish","hentry"],"_links":{"self":[{"href":"https:\/\/www.ccae.ufpb.br\/secretariadoexecutivo\/wp-json\/wp\/v2\/pages\/329","targetHints":{"allow":["GET"]}}],"collection":[{"href":"https:\/\/www.ccae.ufpb.br\/secretariadoexecutivo\/wp-json\/wp\/v2\/pages"}],"about":[{"href":"https:\/\/www.ccae.ufpb.br\/secretariadoexecutivo\/wp-json\/wp\/v2\/types\/page"}],"author":[{"embeddable":true,"href":"https:\/\/www.ccae.ufpb.br\/secretariadoexecutivo\/wp-json\/wp\/v2\/users\/63"}],"replies":[{"embeddable":true,"href":"https:\/\/www.ccae.ufpb.br\/secretariadoexecutivo\/wp-json\/wp\/v2\/comments?post=329"}],"version-history":[{"count":1,"href":"https:\/\/www.ccae.ufpb.br\/secretariadoexecutivo\/wp-json\/wp\/v2\/pages\/329\/revisions"}],"predecessor-version":[{"id":330,"href":"https:\/\/www.ccae.ufpb.br\/secretariadoexecutivo\/wp-json\/wp\/v2\/pages\/329\/revisions\/330"}],"wp:attachment":[{"href":"https:\/\/www.ccae.ufpb.br\/secretariadoexecutivo\/wp-json\/wp\/v2\/media?parent=329"}],"curies":[{"name":"wp","href":"https:\/\/api.w.org\/{rel}","templated":true}]}}