{"id":331,"date":"2025-04-08T10:46:19","date_gmt":"2025-04-08T13:46:19","guid":{"rendered":"https:\/\/www.ccae.ufpb.br\/secretariadoexecutivo\/?page_id=331"},"modified":"2025-04-08T10:46:19","modified_gmt":"2025-04-08T13:46:19","slug":"emissao-de-diploma-1-via","status":"publish","type":"page","link":"https:\/\/www.ccae.ufpb.br\/secretariadoexecutivo\/emissao-de-diploma-1-via\/","title":{"rendered":"Emiss\u00e3o de Diploma &#8211; 1 via"},"content":{"rendered":"\n<p><\/p>\n\n\n\n<p><strong>Base Legal<\/strong><\/p>\n\n\n\n<p><a href=\"https:\/\/sig-arq.ufpb.br\/arquivos\/2020189051e2be2611980cbe468246287\/Resp29.20.pdf\" target=\"_blank\" rel=\"noreferrer noopener\">Resolu\u00e7\u00e3o CONSEPE n.\u00ba 29\/2020<\/a>, Art. 220, \u00a7 1\u00ba<\/p>\n\n\n\n<p><a href=\"https:\/\/www.in.gov.br\/materia\/-\/asset_publisher\/Kujrw0TZC2Mb\/content\/id\/47330359\/do1-2018-10-26-portaria-no-1-095-de-25-de-outubro-de-2018-47330016\" target=\"_blank\" rel=\"noreferrer noopener\">Portaria MEC n.\u00ba 1.095\/2018<\/a><\/p>\n\n\n\n<p><a href=\"http:\/\/www.prg.ufpb.br\/prg\/codesc\/processos-seletivos\/copy_of_INSTRUCAONORMATIVA12022DIPLOMADIGITAL.pdf\" target=\"_blank\" rel=\"noreferrer noopener\">Instru\u00e7\u00e3o Normativa n.\u00ba 1\/2022 &#8211; PRG<\/a><\/p>\n\n\n\n<p><a href=\"http:\/\/www.ccsa.ufpb.br\/cccc\/contents\/documentos\/portaria_prg_ufpb_n_01_2016.pdf\" target=\"_blank\" rel=\"noreferrer noopener\">Portaria PRG\/UFPB n.\u00ba 01\/2016<\/a><\/p>\n\n\n\n<p><strong>Documenta\u00e7\u00e3o necess\u00e1ria<\/strong><\/p>\n\n\n\n<ul class=\"wp-block-list\">\n<li><a href=\"https:\/\/www.ccae.ufpb.br\/secretariado\/contents\/documentos\/copy3_of_RequerimentoGeral.pdf\">Requerimento Geral<\/a>;<\/li>\n\n\n\n<li>Documenta\u00e7\u00e3o oficial de identifica\u00e7\u00e3o civil com foto (ex. RG, CNH, Passaporte, etc.) do(a) discente;<\/li>\n\n\n\n<li>Certid\u00e3o de Nascimento ou de Casamento do(a) discente;<\/li>\n\n\n\n<li>T\u00edtulo de Eleitor do(a) discente;<\/li>\n\n\n\n<li>Certid\u00e3o de Quita\u00e7\u00e3o Eleitoral do(a) discente;<\/li>\n\n\n\n<li>Prova de Conclus\u00e3o do Ensino M\u00e9dio (Certificado de Conclus\u00e3o de Ensino M\u00e9dio) do(a) discente;<\/li>\n\n\n\n<li>Ato de naturaliza\u00e7\u00e3o do(a) discente, publicado no Di\u00e1rio Oficial da Uni\u00e3o (exclusivamente para\u00a0estrangeiros naturalizados no Brasil);<\/li>\n\n\n\n<li>Comprova\u00e7\u00e3o de conclus\u00e3o de est\u00e1gio curricular do(a) discente (opcional);<\/li>\n\n\n\n<li>Hist\u00f3rico Acad\u00eamico da Gradua\u00e7\u00e3o do(a) discente;<\/li>\n\n\n\n<li>Prova de Cola\u00e7\u00e3o de Grau (Certificado de Conclus\u00e3o do Curso de Gradua\u00e7\u00e3o emitido no Sistema\u00a0Integrado de Gest\u00e3o das Atividades Acad\u00eamicas &#8211; SIGAA pela Coordena\u00e7\u00e3o do Curso).<\/li>\n<\/ul>\n\n\n\n<p>&nbsp;<strong>Observa\u00e7\u00e3o<\/strong>: Todos os documentos devem estar no formato PDF\/A (preferencialmente) ou PDF e enviados em arquivos separados.<\/p>\n\n\n\n<p><strong>Etapas do Processo<\/strong><\/p>\n\n\n\n<p><strong>Discente<\/strong><\/p>\n\n\n\n<ol class=\"wp-block-list\">\n<li>Enviar toda a documenta\u00e7\u00e3o para o e-mail da Coordena\u00e7\u00e3o do Curso (csecretariado@ccae.ufpb.br);<\/li>\n\n\n\n<li>Acompanhar movimenta\u00e7\u00e3o do processo no\u00a0<a href=\"https:\/\/sipac.ufpb.br\/\" target=\"_blank\" rel=\"noreferrer noopener\">SIPAC<\/a>.<\/li>\n<\/ol>\n\n\n\n<p><strong>Coordena\u00e7\u00e3o do Curso<\/strong><\/p>\n\n\n\n<ol class=\"wp-block-list\">\n<li>Conferir a documenta\u00e7\u00e3o apresentada;<\/li>\n\n\n\n<li>Abrir processo no\u00a0<a href=\"https:\/\/sipac.ufpb.br\/\" target=\"_blank\" rel=\"noreferrer noopener\">SIPAC<\/a>, com informando\u00a0no campo \u201ctipo do\u00a0processo&#8221; a op\u00e7\u00e3o DIPLOMA DIGITAL; no campo &#8220;assunto do processo&#8221;, a op\u00e7\u00e3o 125.421 &#8211; CURSOS DE\u00a0GRADUA\u00c7\u00c3O &#8211; EMISS\u00c3O DE DIPLOMA &#8211; EXPEDI\u00c7\u00c3O, e no campo &#8220;assunto detalhado&#8221; deve ser\u00a0inserida a descri\u00e7\u00e3o \u201cDiploma Digital &#8211; Nome do discente &#8211; Matr\u00edcula &#8211; Curso de gradua\u00e7\u00e3o\u201d.<\/li>\n\n\n\n<li>Instruir o processo com requerimento da Coordena\u00e7\u00e3o do Curso e demais documentos encaminhados pelo(a) discente;<\/li>\n\n\n\n<li>Encaminhar o processo para a Coordena\u00e7\u00e3o Acad\u00eamica (CA) da\u00a0<a href=\"http:\/\/prg.ufpb.br\/\" target=\"_blank\" rel=\"noreferrer noopener\">Pr\u00f3-Reitoria de Gradua\u00e7\u00e3o<\/a>\u00a0(PRG).<\/li>\n<\/ol>\n\n\n\n<p><strong>Coordena\u00e7\u00e3o Acad\u00eamica (CA) da&nbsp;<a href=\"http:\/\/prg.ufpb.br\/\" target=\"_blank\" rel=\"noreferrer noopener\">Pr\u00f3-Reitoria de Gradua\u00e7\u00e3o<\/a>&nbsp;(PRG)<\/strong><\/p>\n\n\n\n<ol class=\"wp-block-list\">\n<li>Apreciar o pedido do(a) discente;<\/li>\n\n\n\n<li>Providenciar a emiss\u00e3o do diploma no prazo de at\u00e9 60 dias.<\/li>\n<\/ol>\n","protected":false},"excerpt":{"rendered":"<p>Base Legal Resolu\u00e7\u00e3o CONSEPE n.\u00ba 29\/2020, Art. 220, \u00a7 1\u00ba Portaria MEC n.\u00ba 1.095\/2018 Instru\u00e7\u00e3o Normativa n.\u00ba 1\/2022 &#8211; PRG Portaria PRG\/UFPB n.\u00ba 01\/2016 Documenta\u00e7\u00e3o necess\u00e1ria &nbsp;Observa\u00e7\u00e3o: Todos os documentos devem estar no formato PDF\/A (preferencialmente) ou PDF e enviados em arquivos separados. Etapas do Processo Discente Coordena\u00e7\u00e3o do Curso Coordena\u00e7\u00e3o Acad\u00eamica (CA) da&nbsp;Pr\u00f3-Reitoria de [&hellip;]<\/p>\n","protected":false},"author":63,"featured_media":0,"parent":0,"menu_order":0,"comment_status":"closed","ping_status":"closed","template":"","meta":{"footnotes":""},"class_list":["post-331","page","type-page","status-publish","hentry"],"_links":{"self":[{"href":"https:\/\/www.ccae.ufpb.br\/secretariadoexecutivo\/wp-json\/wp\/v2\/pages\/331","targetHints":{"allow":["GET"]}}],"collection":[{"href":"https:\/\/www.ccae.ufpb.br\/secretariadoexecutivo\/wp-json\/wp\/v2\/pages"}],"about":[{"href":"https:\/\/www.ccae.ufpb.br\/secretariadoexecutivo\/wp-json\/wp\/v2\/types\/page"}],"author":[{"embeddable":true,"href":"https:\/\/www.ccae.ufpb.br\/secretariadoexecutivo\/wp-json\/wp\/v2\/users\/63"}],"replies":[{"embeddable":true,"href":"https:\/\/www.ccae.ufpb.br\/secretariadoexecutivo\/wp-json\/wp\/v2\/comments?post=331"}],"version-history":[{"count":1,"href":"https:\/\/www.ccae.ufpb.br\/secretariadoexecutivo\/wp-json\/wp\/v2\/pages\/331\/revisions"}],"predecessor-version":[{"id":332,"href":"https:\/\/www.ccae.ufpb.br\/secretariadoexecutivo\/wp-json\/wp\/v2\/pages\/331\/revisions\/332"}],"wp:attachment":[{"href":"https:\/\/www.ccae.ufpb.br\/secretariadoexecutivo\/wp-json\/wp\/v2\/media?parent=331"}],"curies":[{"name":"wp","href":"https:\/\/api.w.org\/{rel}","templated":true}]}}