{"id":333,"date":"2025-04-08T10:47:38","date_gmt":"2025-04-08T13:47:38","guid":{"rendered":"https:\/\/www.ccae.ufpb.br\/secretariadoexecutivo\/?page_id=333"},"modified":"2025-04-08T10:47:38","modified_gmt":"2025-04-08T13:47:38","slug":"regime-de-exercicios-domiciliares","status":"publish","type":"page","link":"https:\/\/www.ccae.ufpb.br\/secretariadoexecutivo\/regime-de-exercicios-domiciliares\/","title":{"rendered":"Regime de Exerc\u00edcios Domiciliares"},"content":{"rendered":"\n<p><\/p>\n\n\n\n<p><strong>Base Legal<\/strong><\/p>\n\n\n\n<p><a href=\"http:\/\/www.ccsa.ufpb.br\/cccc\/contents\/documentos\/resolucao_16_2015_consepe.pdf\" target=\"_blank\" rel=\"noreferrer noopener\"><\/a><a href=\"https:\/\/sig-arq.ufpb.br\/arquivos\/2020189051e2be2611980cbe468246287\/Resp29.20.pdf\" target=\"_blank\" rel=\"noreferrer noopener\">Resolu\u00e7\u00e3o CONSEPE n.\u00ba 29\/2020<\/a>, artigos 92 a 99.<\/p>\n\n\n\n<p><strong>Hip\u00f3teses<\/strong><\/p>\n\n\n\n<p>O regime de exerc\u00edcios domiciliares aplica-se:<\/p>\n\n\n\n<p>I \u2013&nbsp;\u00c0 discente gestante, durante 90 (noventa) dias, a partir do 8\u00ba m\u00eas de gesta\u00e7\u00e3o, desde&nbsp;que comprovado por atestado m\u00e9dico;<\/p>\n\n\n\n<p>II \u2013&nbsp;Aos respons\u00e1veis legais adotantes, durante 90 (noventa) dias, a partir da data da&nbsp;guarda, desde que comprovada por decis\u00e3o judicial;<\/p>\n\n\n\n<p>III \u2013&nbsp;\u00c0 discente m\u00e3e ou ao discente pai, desde que comprovado pela certid\u00e3o de&nbsp;nascimento, por 90 (noventa) dias;<\/p>\n\n\n\n<p>IV \u2013&nbsp;Ao discente portador de afec\u00e7\u00e3o cong\u00eanitas ou adquiridas, infec\u00e7\u00e3o, traumatismo&nbsp;ou outras condi\u00e7\u00f5es m\u00f3rbidas, determinando dist\u00farbios agudos ou agudizados e que&nbsp;gerem incapacidade f\u00edsica comprovada por atestado m\u00e9dico;<\/p>\n\n\n\n<p>V \u2013&nbsp;Ao discente para acompanhar parente de 1\u00ba grau, em casos de doen\u00e7as graves&nbsp;comprovadas por atestado m\u00e9dico.<\/p>\n\n\n\n<p>&nbsp;<strong>Prazo do Regime&nbsp;<\/strong><\/p>\n\n\n\n<ul class=\"wp-block-list\">\n<li>O discente ter\u00e1 direito de utilizar de 15 (quinze) a 90 (noventa) dias letivos.<\/li>\n<\/ul>\n\n\n\n<p><strong>Documenta\u00e7\u00e3o necess\u00e1ria<\/strong><\/p>\n\n\n\n<ul class=\"wp-block-list\">\n<li><a href=\"https:\/\/www.ccae.ufpb.br\/secretariado\/contents\/documentos\/copy3_of_RequerimentoGeral.pdf\">Requerimento\u00a0Geral<\/a>;<\/li>\n\n\n\n<li>Documenta\u00e7\u00e3o comprobat\u00f3ria, a exemplo de atestado m\u00e9dico, decis\u00e3o judicial ou certid\u00e3o de nascimento, se for o caso;<\/li>\n\n\n\n<li>Atestado de matr\u00edcula.<br><\/li>\n<\/ul>\n\n\n\n<p><strong>Etapas do processo<\/strong><\/p>\n\n\n\n<p><strong>Discente<\/strong><\/p>\n\n\n\n<ol class=\"wp-block-list\">\n<li>Enviar toda a documenta\u00e7\u00e3o para o e-mail da Coordena\u00e7\u00e3o do Curso (csecretariado@ccae.ufpb.br);<\/li>\n\n\n\n<li>Acompanhar movimenta\u00e7\u00e3o do processo no\u00a0<a href=\"https:\/\/sipac.ufpb.br\/\" target=\"_blank\" rel=\"noreferrer noopener\">SIPAC<\/a>.<\/li>\n<\/ol>\n\n\n\n<p><strong>Coordena\u00e7\u00e3o do Curso<\/strong><\/p>\n\n\n\n<ol class=\"wp-block-list\">\n<li>Conferir a documenta\u00e7\u00e3o apresentada;<\/li>\n\n\n\n<li>Abrir processo no\u00a0<a href=\"https:\/\/sipac.ufpb.br\/\" target=\"_blank\" rel=\"noreferrer noopener\">SIPAC<\/a>, com assunto:\u00a0<strong>125.51<\/strong>\u00a0&#8211; CURSOS DE GRADUA\u00c7\u00c3O &#8211; REGIME DE EXERC\u00cdCIO DOMICILIAR &#8211; ALUNA GESTANTE ou\u00a0<strong>125.52<\/strong>\u00a0&#8211; CURSOS DE GRADUA\u00c7\u00c3O &#8211; REGIME DE EXERC\u00cdCIO DOMICILIAR &#8211; ALUNO PORTADOR DE AFEC\u00c7\u00d5ES, INFEC\u00c7\u00d5ES E TRAUMATISMOS<\/li>\n\n\n\n<li>Emitir parecer (do (a) Coordenador (a)) acerca da solicita\u00e7\u00e3o;<\/li>\n\n\n\n<li>Encaminhar o processo ao Departamento competente;<\/li>\n\n\n\n<li>Ap\u00f3s receber o processo com a decis\u00e3o do Departamento, dar ci\u00eancia a(o) discente por\u00a0<em>e-mail<\/em>;<\/li>\n\n\n\n<li>Arquivar o processo.<\/li>\n<\/ol>\n\n\n\n<p><strong>Observa\u00e7\u00e3o<\/strong>:&nbsp;Caso haja disciplinas de diferentes Departamentos, a coordena\u00e7\u00e3o encaminha o processo inicialmente para um Departamento e, ap\u00f3s o retorno deste, o processo \u00e9 enviado para o pr\u00f3ximo Departamento.<\/p>\n\n\n\n<p><strong>Departamento<\/strong><\/p>\n\n\n\n<ol class=\"wp-block-list\">\n<li>Recebe o processo;<\/li>\n\n\n\n<li>Notifica o professor (es);<\/li>\n\n\n\n<li>Realiza a juntada de certid\u00e3o de ci\u00eancia dos professores (colocando-os como assinantes);<\/li>\n\n\n\n<li>Devolve o processo para a Coordena\u00e7\u00e3o.<\/li>\n<\/ol>\n\n\n\n<p><br><strong>Professores<\/strong><\/p>\n\n\n\n<p><br>No prazo m\u00e1ximo de 5 (cinco) dias \u00fateis ap\u00f3s a notifica\u00e7\u00e3o, o(s) docente(s) deve(m) elaborar um programa especial de estudos, que contemple a programa\u00e7\u00e3o do componente curricular, a ser cumprido pelo estudante, compat\u00edvel com sua situa\u00e7\u00e3o.<\/p>\n","protected":false},"excerpt":{"rendered":"<p>Base Legal Resolu\u00e7\u00e3o CONSEPE n.\u00ba 29\/2020, artigos 92 a 99. Hip\u00f3teses O regime de exerc\u00edcios domiciliares aplica-se: I \u2013&nbsp;\u00c0 discente gestante, durante 90 (noventa) dias, a partir do 8\u00ba m\u00eas de gesta\u00e7\u00e3o, desde&nbsp;que comprovado por atestado m\u00e9dico; II \u2013&nbsp;Aos respons\u00e1veis legais adotantes, durante 90 (noventa) dias, a partir da data da&nbsp;guarda, desde que comprovada por [&hellip;]<\/p>\n","protected":false},"author":63,"featured_media":0,"parent":0,"menu_order":0,"comment_status":"closed","ping_status":"closed","template":"","meta":{"footnotes":""},"class_list":["post-333","page","type-page","status-publish","hentry"],"_links":{"self":[{"href":"https:\/\/www.ccae.ufpb.br\/secretariadoexecutivo\/wp-json\/wp\/v2\/pages\/333","targetHints":{"allow":["GET"]}}],"collection":[{"href":"https:\/\/www.ccae.ufpb.br\/secretariadoexecutivo\/wp-json\/wp\/v2\/pages"}],"about":[{"href":"https:\/\/www.ccae.ufpb.br\/secretariadoexecutivo\/wp-json\/wp\/v2\/types\/page"}],"author":[{"embeddable":true,"href":"https:\/\/www.ccae.ufpb.br\/secretariadoexecutivo\/wp-json\/wp\/v2\/users\/63"}],"replies":[{"embeddable":true,"href":"https:\/\/www.ccae.ufpb.br\/secretariadoexecutivo\/wp-json\/wp\/v2\/comments?post=333"}],"version-history":[{"count":1,"href":"https:\/\/www.ccae.ufpb.br\/secretariadoexecutivo\/wp-json\/wp\/v2\/pages\/333\/revisions"}],"predecessor-version":[{"id":334,"href":"https:\/\/www.ccae.ufpb.br\/secretariadoexecutivo\/wp-json\/wp\/v2\/pages\/333\/revisions\/334"}],"wp:attachment":[{"href":"https:\/\/www.ccae.ufpb.br\/secretariadoexecutivo\/wp-json\/wp\/v2\/media?parent=333"}],"curies":[{"name":"wp","href":"https:\/\/api.w.org\/{rel}","templated":true}]}}