{"id":335,"date":"2025-04-08T10:48:19","date_gmt":"2025-04-08T13:48:19","guid":{"rendered":"https:\/\/www.ccae.ufpb.br\/secretariadoexecutivo\/?page_id=335"},"modified":"2025-04-08T10:48:19","modified_gmt":"2025-04-08T13:48:19","slug":"trancamento-parcial","status":"publish","type":"page","link":"https:\/\/www.ccae.ufpb.br\/secretariadoexecutivo\/trancamento-parcial\/","title":{"rendered":"Trancamento Parcial"},"content":{"rendered":"\n<p><\/p>\n\n\n\n<p><strong>Base Legal<\/strong><\/p>\n\n\n\n<p><a href=\"http:\/\/www.ccsa.ufpb.br\/cccc\/contents\/documentos\/resolucao_16_2015_consepe.pdf\" target=\"_blank\" rel=\"noreferrer noopener\"><\/a><a href=\"https:\/\/sig-arq.ufpb.br\/arquivos\/2020189051e2be2611980cbe468246287\/Resp29.20.pdf\" target=\"_blank\" rel=\"noreferrer noopener\">Resolu\u00e7\u00e3o CONSEPE n.\u00ba 29\/2020<\/a>, artigos 160 a 164.<\/p>\n\n\n\n<p><strong>Informa\u00e7\u00f5es&nbsp;<\/strong><\/p>\n\n\n\n<p>O trancamento parcial \u00e9 a desvincula\u00e7\u00e3o volunt\u00e1ria do discente de um componente&nbsp;curricular em que se encontra matriculado.<\/p>\n\n\n\n<ul class=\"wp-block-list\">\n<li>O trancamento parcial num mesmo componente curricular poder\u00e1 ser realizado at\u00e9 2 (duas) vezes em per\u00edodos letivos consecutivos ou n\u00e3o.<\/li>\n\n\n\n<li>\u00c9 vedado o trancamento parcial da matr\u00edcula para o discente quando este trancamento\u00a0resultar em uma carga hor\u00e1ria matriculada menor que 195 (cento e noventa e cinco) horas.<\/li>\n\n\n\n<li>\u00c9 vedado o trancamento parcial ao discente que esteja em regime de dilata\u00e7\u00e3o\u00a0de prazo para conclus\u00e3o do curso.<\/li>\n<\/ul>\n\n\n\n<p><strong>Observa\u00e7\u00e3o<\/strong>: A solicita\u00e7\u00e3o de trancamento dever\u00e1 ser realizada no prazo &nbsp;estabelecido no calend\u00e1rio acad\u00eamico.<\/p>\n\n\n\n<p class=\" \">&nbsp;<\/p>\n\n\n\n<p><strong>Procedimento<\/strong><\/p>\n\n\n\n<p><strong>Discente<\/strong><\/p>\n\n\n\n<ul class=\"wp-block-list\">\n<li>Realizar a solicita\u00e7\u00e3o de Trancamento de Componente Curricular no\u00a0<a href=\"https:\/\/sigaa.ufpb.br\/\" target=\"_blank\" rel=\"noreferrer noopener\">SIGAA<\/a>\u00a0(menu Ensino =>\u00a0Trancamento de Componente Curricular).<\/li>\n<\/ul>\n\n\n\n<p><\/p>\n","protected":false},"excerpt":{"rendered":"<p>Base Legal Resolu\u00e7\u00e3o CONSEPE n.\u00ba 29\/2020, artigos 160 a 164. Informa\u00e7\u00f5es&nbsp; O trancamento parcial \u00e9 a desvincula\u00e7\u00e3o volunt\u00e1ria do discente de um componente&nbsp;curricular em que se encontra matriculado. Observa\u00e7\u00e3o: A solicita\u00e7\u00e3o de trancamento dever\u00e1 ser realizada no prazo &nbsp;estabelecido no calend\u00e1rio acad\u00eamico. &nbsp; Procedimento Discente<\/p>\n","protected":false},"author":63,"featured_media":0,"parent":0,"menu_order":0,"comment_status":"closed","ping_status":"closed","template":"","meta":{"footnotes":""},"class_list":["post-335","page","type-page","status-publish","hentry"],"_links":{"self":[{"href":"https:\/\/www.ccae.ufpb.br\/secretariadoexecutivo\/wp-json\/wp\/v2\/pages\/335","targetHints":{"allow":["GET"]}}],"collection":[{"href":"https:\/\/www.ccae.ufpb.br\/secretariadoexecutivo\/wp-json\/wp\/v2\/pages"}],"about":[{"href":"https:\/\/www.ccae.ufpb.br\/secretariadoexecutivo\/wp-json\/wp\/v2\/types\/page"}],"author":[{"embeddable":true,"href":"https:\/\/www.ccae.ufpb.br\/secretariadoexecutivo\/wp-json\/wp\/v2\/users\/63"}],"replies":[{"embeddable":true,"href":"https:\/\/www.ccae.ufpb.br\/secretariadoexecutivo\/wp-json\/wp\/v2\/comments?post=335"}],"version-history":[{"count":1,"href":"https:\/\/www.ccae.ufpb.br\/secretariadoexecutivo\/wp-json\/wp\/v2\/pages\/335\/revisions"}],"predecessor-version":[{"id":336,"href":"https:\/\/www.ccae.ufpb.br\/secretariadoexecutivo\/wp-json\/wp\/v2\/pages\/335\/revisions\/336"}],"wp:attachment":[{"href":"https:\/\/www.ccae.ufpb.br\/secretariadoexecutivo\/wp-json\/wp\/v2\/media?parent=335"}],"curies":[{"name":"wp","href":"https:\/\/api.w.org\/{rel}","templated":true}]}}