{"id":337,"date":"2025-04-08T10:48:55","date_gmt":"2025-04-08T13:48:55","guid":{"rendered":"https:\/\/www.ccae.ufpb.br\/secretariadoexecutivo\/?page_id=337"},"modified":"2025-04-08T10:48:55","modified_gmt":"2025-04-08T13:48:55","slug":"trancamento-total","status":"publish","type":"page","link":"https:\/\/www.ccae.ufpb.br\/secretariadoexecutivo\/trancamento-total\/","title":{"rendered":"Trancamento Total"},"content":{"rendered":"\n<p><\/p>\n\n\n\n<p><strong>Base Legal<\/strong><\/p>\n\n\n\n<p><a href=\"http:\/\/www.ccsa.ufpb.br\/cccc\/contents\/documentos\/resolucao_16_2015_consepe.pdf\" target=\"_blank\" rel=\"noreferrer noopener\"><\/a><a href=\"https:\/\/sig-arq.ufpb.br\/arquivos\/2020189051e2be2611980cbe468246287\/Resp29.20.pdf\" target=\"_blank\" rel=\"noreferrer noopener\">Resolu\u00e7\u00e3o CONSEPE n.\u00ba 29\/2020<\/a>, artigos 160 a 164.<\/p>\n\n\n\n<p><strong>Informa\u00e7\u00f5es&nbsp;<\/strong><\/p>\n\n\n\n<p>O trancamento total \u00e9 a desvincula\u00e7\u00e3o volunt\u00e1ria do discente de todos componentes curriculares em que se encontra matriculado em um per\u00edodo letivo.&nbsp;<br><\/p>\n\n\n\n<ul class=\"wp-block-list\">\n<li>O trancamento total poder\u00e1 ser realizado at\u00e9 2 (duas) vezes em per\u00edodos consecutivos\u00a0ou n\u00e3o.<\/li>\n\n\n\n<li>O trancamento total da matr\u00edcula para discentes ingressantes, independentemente da\u00a0modalidade de ingresso, dever\u00e3o ser analisados pelo Colegiado do Curso.<\/li>\n\n\n\n<li>\u00c9 vedado o trancamento total ao discente que esteja em regime de dilata\u00e7\u00e3o\u00a0de prazo para conclus\u00e3o do curso.<\/li>\n<\/ul>\n\n\n\n<p><strong>Observa\u00e7\u00e3o<\/strong>: A solicita\u00e7\u00e3o de trancamento dever\u00e1 ser realizada no prazo estabelecido no calend\u00e1rio acad\u00eamico.<\/p>\n\n\n\n<p><strong>Documenta\u00e7\u00e3o necess\u00e1ria<\/strong><\/p>\n\n\n\n<ul class=\"wp-block-list\">\n<li>Requerimento de solicita\u00e7\u00e3o \u00a0de Trancamento de Programa, gerado pelo\u00a0<a href=\"https:\/\/sigaa.ufpb.br\/\" target=\"_blank\" rel=\"noreferrer noopener\">SIGAA<\/a>.<\/li>\n<\/ul>\n\n\n\n<p><strong>Etapas do processo<\/strong><\/p>\n\n\n\n<p><strong>Discente<\/strong><\/p>\n\n\n\n<ol class=\"wp-block-list\">\n<li>Realizar a solicita\u00e7\u00e3o de Trancamento de Programa no\u00a0<a href=\"https:\/\/sigaa.ufpb.br\/\" target=\"_blank\" rel=\"noreferrer noopener\">SIGAA<\/a>\u00a0(menu Ensino => Trancamento de Programa);<\/li>\n\n\n\n<li>Enviar o requerimento de solicita\u00e7\u00e3o \u00a0de Trancamento de Programa, datado e assinado, em PDF, para o e-mail da\u00a0Coordena\u00e7\u00e3o do Curso (csecretariado@ccae.ufpb.br).<\/li>\n<\/ol>\n\n\n\n<p><strong>Coordena\u00e7\u00e3o do Curso<\/strong><\/p>\n\n\n\n<ol class=\"wp-block-list\">\n<li>Conferir a documenta\u00e7\u00e3o apresentada;<\/li>\n\n\n\n<li>Registrar no\u00a0<a href=\"https:\/\/sigaa.ufpb.br\/\" target=\"_blank\" rel=\"noreferrer noopener\">SIGAA<\/a>\u00a0a solicita\u00e7\u00e3o de Trancamento de Programa.<\/li>\n<\/ol>\n\n\n\n<p><\/p>\n","protected":false},"excerpt":{"rendered":"<p>Base Legal Resolu\u00e7\u00e3o CONSEPE n.\u00ba 29\/2020, artigos 160 a 164. Informa\u00e7\u00f5es&nbsp; O trancamento total \u00e9 a desvincula\u00e7\u00e3o volunt\u00e1ria do discente de todos componentes curriculares em que se encontra matriculado em um per\u00edodo letivo.&nbsp; Observa\u00e7\u00e3o: A solicita\u00e7\u00e3o de trancamento dever\u00e1 ser realizada no prazo estabelecido no calend\u00e1rio acad\u00eamico. Documenta\u00e7\u00e3o necess\u00e1ria Etapas do processo Discente Coordena\u00e7\u00e3o do [&hellip;]<\/p>\n","protected":false},"author":63,"featured_media":0,"parent":0,"menu_order":0,"comment_status":"closed","ping_status":"closed","template":"","meta":{"footnotes":""},"class_list":["post-337","page","type-page","status-publish","hentry"],"_links":{"self":[{"href":"https:\/\/www.ccae.ufpb.br\/secretariadoexecutivo\/wp-json\/wp\/v2\/pages\/337","targetHints":{"allow":["GET"]}}],"collection":[{"href":"https:\/\/www.ccae.ufpb.br\/secretariadoexecutivo\/wp-json\/wp\/v2\/pages"}],"about":[{"href":"https:\/\/www.ccae.ufpb.br\/secretariadoexecutivo\/wp-json\/wp\/v2\/types\/page"}],"author":[{"embeddable":true,"href":"https:\/\/www.ccae.ufpb.br\/secretariadoexecutivo\/wp-json\/wp\/v2\/users\/63"}],"replies":[{"embeddable":true,"href":"https:\/\/www.ccae.ufpb.br\/secretariadoexecutivo\/wp-json\/wp\/v2\/comments?post=337"}],"version-history":[{"count":1,"href":"https:\/\/www.ccae.ufpb.br\/secretariadoexecutivo\/wp-json\/wp\/v2\/pages\/337\/revisions"}],"predecessor-version":[{"id":338,"href":"https:\/\/www.ccae.ufpb.br\/secretariadoexecutivo\/wp-json\/wp\/v2\/pages\/337\/revisions\/338"}],"wp:attachment":[{"href":"https:\/\/www.ccae.ufpb.br\/secretariadoexecutivo\/wp-json\/wp\/v2\/media?parent=337"}],"curies":[{"name":"wp","href":"https:\/\/api.w.org\/{rel}","templated":true}]}}