{"id":357,"date":"2025-04-08T11:52:39","date_gmt":"2025-04-08T14:52:39","guid":{"rendered":"https:\/\/www.ccae.ufpb.br\/secretariadoexecutivo\/?page_id=357"},"modified":"2025-04-08T18:02:05","modified_gmt":"2025-04-08T21:02:05","slug":"canais-de-atendimento","status":"publish","type":"page","link":"https:\/\/www.ccae.ufpb.br\/secretariadoexecutivo\/canais-de-atendimento\/","title":{"rendered":"Canais de Atendimento"},"content":{"rendered":"\n<p><\/p>\n\n\n\n<p>Hor\u00e1rio de atendimento da Coordena\u00e7\u00e3o do Curso: de segunda a sexta-feira, das 13h \u00e0s 21h30<\/p>\n\n\n\n<p>Whatsapp da coordena\u00e7\u00e3o: <a href=\"https:\/\/api.whatsapp.com\/send\/?phone=%2B5583987574806&amp;text&amp;type=phone_number&amp;app_absent=0\" target=\"_blank\" rel=\"noreferrer noopener\">+55 (83) 98757-4806<\/a><\/p>\n\n\n\n<p>Link do Whatsapp da coordena\u00e7\u00e3o: <a href=\"https:\/\/chat.whatsapp.com\/LYYJV83JqrODuKAZB5CiXA\">https:\/\/chat.whatsapp.com\/LYYJV83JqrODuKAZB5CiXA<\/a><\/p>\n\n\n\n<p>Link do Grupo do Curso no Whatsapp: <a href=\"https:\/\/chat.whatsapp.com\/LYYJV83JqrODuKAZB5CiXA\" target=\"_blank\" rel=\"noreferrer noopener\">https:\/\/chat.whatsapp.com\/LYYJV83JqrODuKAZB5CiXA<\/a><\/p>\n\n\n\n<p>Instagram do curso: <a href=\"https:\/\/www.instagram.com\/secretariadoufpb\/\" target=\"_blank\" rel=\"noreferrer noopener\">https:\/\/www.instagram.com\/secretariadoufpb<\/a><\/p>\n\n\n\n<p><\/p>\n\n\n\n<p><\/p>\n","protected":false},"excerpt":{"rendered":"<p>Hor\u00e1rio de atendimento da Coordena\u00e7\u00e3o do Curso: de segunda a sexta-feira, das 13h \u00e0s 21h30 Whatsapp da coordena\u00e7\u00e3o: +55 (83) 98757-4806 Link do Whatsapp da coordena\u00e7\u00e3o: https:\/\/chat.whatsapp.com\/LYYJV83JqrODuKAZB5CiXA Link do Grupo do Curso no Whatsapp: https:\/\/chat.whatsapp.com\/LYYJV83JqrODuKAZB5CiXA Instagram do curso: https:\/\/www.instagram.com\/secretariadoufpb<\/p>\n","protected":false},"author":63,"featured_media":0,"parent":0,"menu_order":0,"comment_status":"closed","ping_status":"closed","template":"","meta":{"footnotes":""},"class_list":["post-357","page","type-page","status-publish","hentry"],"_links":{"self":[{"href":"https:\/\/www.ccae.ufpb.br\/secretariadoexecutivo\/wp-json\/wp\/v2\/pages\/357","targetHints":{"allow":["GET"]}}],"collection":[{"href":"https:\/\/www.ccae.ufpb.br\/secretariadoexecutivo\/wp-json\/wp\/v2\/pages"}],"about":[{"href":"https:\/\/www.ccae.ufpb.br\/secretariadoexecutivo\/wp-json\/wp\/v2\/types\/page"}],"author":[{"embeddable":true,"href":"https:\/\/www.ccae.ufpb.br\/secretariadoexecutivo\/wp-json\/wp\/v2\/users\/63"}],"replies":[{"embeddable":true,"href":"https:\/\/www.ccae.ufpb.br\/secretariadoexecutivo\/wp-json\/wp\/v2\/comments?post=357"}],"version-history":[{"count":8,"href":"https:\/\/www.ccae.ufpb.br\/secretariadoexecutivo\/wp-json\/wp\/v2\/pages\/357\/revisions"}],"predecessor-version":[{"id":380,"href":"https:\/\/www.ccae.ufpb.br\/secretariadoexecutivo\/wp-json\/wp\/v2\/pages\/357\/revisions\/380"}],"wp:attachment":[{"href":"https:\/\/www.ccae.ufpb.br\/secretariadoexecutivo\/wp-json\/wp\/v2\/media?parent=357"}],"curies":[{"name":"wp","href":"https:\/\/api.w.org\/{rel}","templated":true}]}}