{"id":50,"date":"2025-02-11T13:34:22","date_gmt":"2025-02-11T13:34:22","guid":{"rendered":"https:\/\/www.ccae.ufpb.br\/secretariadoexecutivo\/?page_id=50"},"modified":"2025-02-11T13:34:22","modified_gmt":"2025-02-11T13:34:22","slug":"coordenacao","status":"publish","type":"page","link":"https:\/\/www.ccae.ufpb.br\/secretariadoexecutivo\/coordenacao\/","title":{"rendered":"Coordena\u00e7\u00e3o"},"content":{"rendered":"\n<p><strong>Coordenador<\/strong><br>Maria Luzitana Concei\u00e7\u00e3o dos Santos<br>csecretariado@ccae.ufpb.br<br><br><strong>Vice-Coordenadora<\/strong><br>Rosemary Marinho da Silva<br>rosemarymarinhodasilva@gmail.com<\/p>\n\n\n\n<p><br><strong>Servidor t\u00e9cnico do curso<\/strong><br>Sidney Fabio da Nobrega Medeiros Junior<br>sidney.junior@ccae.ufpb.br<br><br><strong>Contato da Coordena\u00e7\u00e3o:<\/strong>&nbsp;<a href=\"mailto:csecretariado@ccae.ufpb.br\">csecretariado@ccae.ufpb.br<\/a><\/p>\n\n\n\n<p><strong>Instagram do Curso:<\/strong>&nbsp;<a href=\"https:\/\/www.instagram.com\/secretariadoufpb\/\" target=\"_blank\" rel=\"noreferrer noopener\">@secretariadoufpb<\/a>&nbsp;<a href=\"https:\/\/www.instagram.com\/secretariadoufpb\/\" target=\"_blank\" rel=\"noreferrer noopener\">(https:\/\/www.instagram.com\/secretariadoufpb\/)<\/a><\/p>\n\n\n\n<p><strong>Whatsapp do curso:&nbsp;<\/strong><a href=\"https:\/\/chat.whatsapp.com\/KTO5pZad3Kk9hfkF7lrtQ9\" target=\"_blank\" rel=\"noreferrer noopener\">https:\/\/chat.whatsapp.com\/KTO5pZad3Kk9hfkF7lrtQ9<\/a><\/p>\n\n\n\n<p>Funcionamento de segunda a sexta-feira, das&nbsp;13 \u00e0s 17h, 18 \u00e0s 22h.<\/p>\n\n\n\n<p><\/p>\n","protected":false},"excerpt":{"rendered":"<p>CoordenadorMaria Luzitana Concei\u00e7\u00e3o dos Santoscsecretariado@ccae.ufpb.br Vice-CoordenadoraRosemary Marinho da Silvarosemarymarinhodasilva@gmail.com Servidor t\u00e9cnico do cursoSidney Fabio da Nobrega Medeiros Juniorsidney.junior@ccae.ufpb.br Contato da Coordena\u00e7\u00e3o:&nbsp;csecretariado@ccae.ufpb.br Instagram do Curso:&nbsp;@secretariadoufpb&nbsp;(https:\/\/www.instagram.com\/secretariadoufpb\/) Whatsapp do curso:&nbsp;https:\/\/chat.whatsapp.com\/KTO5pZad3Kk9hfkF7lrtQ9 Funcionamento de segunda a sexta-feira, das&nbsp;13 \u00e0s 17h, 18 \u00e0s 22h.<\/p>\n","protected":false},"author":63,"featured_media":0,"parent":0,"menu_order":0,"comment_status":"closed","ping_status":"closed","template":"","meta":{"footnotes":""},"class_list":["post-50","page","type-page","status-publish","hentry"],"_links":{"self":[{"href":"https:\/\/www.ccae.ufpb.br\/secretariadoexecutivo\/wp-json\/wp\/v2\/pages\/50","targetHints":{"allow":["GET"]}}],"collection":[{"href":"https:\/\/www.ccae.ufpb.br\/secretariadoexecutivo\/wp-json\/wp\/v2\/pages"}],"about":[{"href":"https:\/\/www.ccae.ufpb.br\/secretariadoexecutivo\/wp-json\/wp\/v2\/types\/page"}],"author":[{"embeddable":true,"href":"https:\/\/www.ccae.ufpb.br\/secretariadoexecutivo\/wp-json\/wp\/v2\/users\/63"}],"replies":[{"embeddable":true,"href":"https:\/\/www.ccae.ufpb.br\/secretariadoexecutivo\/wp-json\/wp\/v2\/comments?post=50"}],"version-history":[{"count":1,"href":"https:\/\/www.ccae.ufpb.br\/secretariadoexecutivo\/wp-json\/wp\/v2\/pages\/50\/revisions"}],"predecessor-version":[{"id":51,"href":"https:\/\/www.ccae.ufpb.br\/secretariadoexecutivo\/wp-json\/wp\/v2\/pages\/50\/revisions\/51"}],"wp:attachment":[{"href":"https:\/\/www.ccae.ufpb.br\/secretariadoexecutivo\/wp-json\/wp\/v2\/media?parent=50"}],"curies":[{"name":"wp","href":"https:\/\/api.w.org\/{rel}","templated":true}]}}