{"id":56,"date":"2025-02-11T14:11:35","date_gmt":"2025-02-11T14:11:35","guid":{"rendered":"https:\/\/www.ccae.ufpb.br\/secretariadoexecutivo\/?page_id=56"},"modified":"2026-02-07T23:28:18","modified_gmt":"2026-02-08T02:28:18","slug":"requerimentos","status":"publish","type":"page","link":"https:\/\/www.ccae.ufpb.br\/secretariadoexecutivo\/requerimentos\/","title":{"rendered":"Requerimentos"},"content":{"rendered":"\n<p><\/p>\n\n\n\n<p><a href=\"https:\/\/www.ccae.ufpb.br\/siagmme\/requerimentos\/\" data-type=\"link\" data-id=\"https:\/\/www.ccae.ufpb.br\/siagmme\/requerimentos\/\" target=\"_blank\" rel=\"noreferrer noopener\">\u2192 Requerimentos da SIAG MME<\/a><\/p>\n\n\n\n<div class=\"wp-block-file\"><a id=\"wp-block-file--media-0d2da03c-d398-4990-8f34-ed8794b06860\" href=\"https:\/\/www.ccae.ufpb.br\/secretariadoexecutivo\/wp-content\/uploads\/sites\/170\/sites\/253\/2025\/02\/1.EXERCCIOSDOMICILIARES.docx\" target=\"_blank\" rel=\"noreferrer noopener\">1. EXERC\u00cdCIOS DOMICILIARES<br><\/a><\/div>\n\n\n\n<p><a href=\"http:\/\/www.ccae.ufpb.br\/secretariadoexecutivo\/wp-content\/uploads\/sites\/170\/sites\/253\/2026\/02\/Requerimento-de-Aproveitamento-ou-Dispensa-de-Disciplinas.pdf\" data-type=\"link\" data-id=\"http:\/\/www.ccae.ufpb.br\/secretariadoexecutivo\/wp-content\/uploads\/sites\/170\/sites\/253\/2026\/02\/Requerimento-de-Aproveitamento-ou-Dispensa-de-Disciplinas.pdf\" target=\"_blank\" rel=\"noreferrer noopener\">2. APROVEITAMENTO DE ESTUDOS<\/a><\/p>\n\n\n\n<div class=\"wp-block-file\"><a id=\"wp-block-file--media-e51b19d0-3961-479f-97f0-796c6ddbd714\" href=\"https:\/\/www.ccae.ufpb.br\/secretariadoexecutivo\/wp-content\/uploads\/sites\/170\/sites\/253\/2025\/02\/5.INCLUSODEREGIMEESCOLARESPECIAL.docx\">3. INCLUSO DE REGIME ESCOLAR ESPECIAL<\/a><a href=\"https:\/\/www.ccae.ufpb.br\/secretariadoexecutivo\/wp-content\/uploads\/sites\/170\/sites\/253\/2025\/02\/5.INCLUSODEREGIMEESCOLARESPECIAL.docx\" class=\"wp-block-file__button wp-element-button\" download aria-describedby=\"wp-block-file--media-e51b19d0-3961-479f-97f0-796c6ddbd714\">Baixar<\/a><\/div>\n\n\n\n<p><\/p>\n\n\n\n<div class=\"wp-block-file\"><a id=\"wp-block-file--media-e9418100-7f02-49da-b856-b07ccbc7a08b\" href=\"https:\/\/www.ccae.ufpb.br\/secretariadoexecutivo\/wp-content\/uploads\/sites\/170\/sites\/253\/2025\/02\/6.DILATAODEPRAZODECONCLUSODECURSO.docx\">4. DILATA\u00c7\u00c3O DE PRAZO DE CONCLUS\u00c3O DE CURSO<\/a><a href=\"https:\/\/www.ccae.ufpb.br\/secretariadoexecutivo\/wp-content\/uploads\/sites\/170\/sites\/253\/2025\/02\/6.DILATAODEPRAZODECONCLUSODECURSO.docx\" class=\"wp-block-file__button wp-element-button\" download aria-describedby=\"wp-block-file--media-e9418100-7f02-49da-b856-b07ccbc7a08b\">Baixar<\/a><\/div>\n\n\n\n<p><\/p>\n\n\n\n<div class=\"wp-block-file\"><a id=\"wp-block-file--media-61ab63af-77d7-4be5-b203-c25b27b59739\" href=\"https:\/\/www.ccae.ufpb.br\/secretariadoexecutivo\/wp-content\/uploads\/sites\/170\/sites\/253\/2025\/02\/7.REVISODEPROVA.docx\">5.REVIS\u00c3O DE PROVA<\/a><a href=\"https:\/\/www.ccae.ufpb.br\/secretariadoexecutivo\/wp-content\/uploads\/sites\/170\/sites\/253\/2025\/02\/7.REVISODEPROVA.docx\" class=\"wp-block-file__button wp-element-button\" download aria-describedby=\"wp-block-file--media-61ab63af-77d7-4be5-b203-c25b27b59739\">Baixar<\/a><\/div>\n\n\n\n<p><\/p>\n\n\n\n<div class=\"wp-block-file\"><a id=\"wp-block-file--media-879dede4-c17e-4072-8963-8892e1813a25\" href=\"https:\/\/www.ccae.ufpb.br\/secretariadoexecutivo\/wp-content\/uploads\/sites\/170\/sites\/253\/2025\/02\/8.DISPENSADEESTGIO.docx\">6. DISPENSA DE EST\u00c1GIO<br><\/a><a href=\"https:\/\/www.ccae.ufpb.br\/secretariadoexecutivo\/wp-content\/uploads\/sites\/170\/sites\/253\/2025\/02\/8.DISPENSADEESTGIO.docx\" class=\"wp-block-file__button wp-element-button\" download aria-describedby=\"wp-block-file--media-879dede4-c17e-4072-8963-8892e1813a25\">Baixar<\/a><\/div>\n\n\n\n<div class=\"wp-block-file\"><a id=\"wp-block-file--media-cf6c28dc-fc8b-42ad-b6a2-06e18ce20e71\" href=\"https:\/\/www.ccae.ufpb.br\/secretariadoexecutivo\/wp-content\/uploads\/sites\/170\/sites\/253\/2025\/02\/9.SOLICITAODIPLOMA.docx\">7. SOLICITA\u00c7\u00c3O DE DIPLOMA<\/a><a href=\"https:\/\/www.ccae.ufpb.br\/secretariadoexecutivo\/wp-content\/uploads\/sites\/170\/sites\/253\/2025\/02\/9.SOLICITAODIPLOMA.docx\" class=\"wp-block-file__button wp-element-button\" download aria-describedby=\"wp-block-file--media-cf6c28dc-fc8b-42ad-b6a2-06e18ce20e71\">Baixar<\/a><\/div>\n\n\n\n<p><\/p>\n\n\n\n<div class=\"wp-block-file\"><a id=\"wp-block-file--media-f346bf7e-84c9-42bb-ba19-ffbd327da09a\" href=\"https:\/\/www.ccae.ufpb.br\/secretariadoexecutivo\/wp-content\/uploads\/sites\/170\/sites\/253\/2025\/02\/10.EXTRAPOLAODECRDITOS.docx\">8. EXTRAPOLA\u00c7\u00c3O DE CR\u00c9DITOS<\/a><a href=\"https:\/\/www.ccae.ufpb.br\/secretariadoexecutivo\/wp-content\/uploads\/sites\/170\/sites\/253\/2025\/02\/10.EXTRAPOLAODECRDITOS.docx\" class=\"wp-block-file__button wp-element-button\" download aria-describedby=\"wp-block-file--media-f346bf7e-84c9-42bb-ba19-ffbd327da09a\">Baixar<\/a><\/div>\n\n\n\n<p><\/p>\n\n\n\n<div class=\"wp-block-file\"><a id=\"wp-block-file--media-3a65dfe6-1838-4729-9a78-8f0f0c5ffcff\" href=\"https:\/\/www.ccae.ufpb.br\/secretariadoexecutivo\/wp-content\/uploads\/sites\/170\/sites\/253\/2025\/02\/RequerimentoGeral.pdf\" target=\"_blank\" rel=\"noreferrer noopener\">9. REQUERIMENTO GERAL<\/a><a href=\"https:\/\/www.ccae.ufpb.br\/secretariadoexecutivo\/wp-content\/uploads\/sites\/170\/sites\/253\/2025\/02\/RequerimentoGeral.pdf\" class=\"wp-block-file__button wp-element-button\" download aria-describedby=\"wp-block-file--media-3a65dfe6-1838-4729-9a78-8f0f0c5ffcff\">Baixar<\/a><\/div>\n\n\n\n<p><\/p>\n\n\n\n<p class=\"has-small-font-size\">Tire suas d\u00favidas aqui:&nbsp;<a href=\"https:\/\/docs.google.com\/document\/d\/1UkYCypy1QAhSMAaqWYOi5yxli44XbsFA5SiqZfk5k6I\/\" target=\"_blank\" rel=\"noreferrer noopener\">https:\/\/docs.google.com\/document\/d\/1UkYCypy1QAhSMAaqWYOi5yxli44XbsFA5SiqZfk5k6I\/<\/a><br><br><br><\/p>\n","protected":false},"excerpt":{"rendered":"<p>\u2192 Requerimentos da SIAG MME 2. APROVEITAMENTO DE ESTUDOS Tire suas d\u00favidas aqui:&nbsp;https:\/\/docs.google.com\/document\/d\/1UkYCypy1QAhSMAaqWYOi5yxli44XbsFA5SiqZfk5k6I\/<\/p>\n","protected":false},"author":63,"featured_media":0,"parent":0,"menu_order":0,"comment_status":"closed","ping_status":"closed","template":"","meta":{"footnotes":""},"class_list":["post-56","page","type-page","status-publish","hentry"],"_links":{"self":[{"href":"https:\/\/www.ccae.ufpb.br\/secretariadoexecutivo\/wp-json\/wp\/v2\/pages\/56","targetHints":{"allow":["GET"]}}],"collection":[{"href":"https:\/\/www.ccae.ufpb.br\/secretariadoexecutivo\/wp-json\/wp\/v2\/pages"}],"about":[{"href":"https:\/\/www.ccae.ufpb.br\/secretariadoexecutivo\/wp-json\/wp\/v2\/types\/page"}],"author":[{"embeddable":true,"href":"https:\/\/www.ccae.ufpb.br\/secretariadoexecutivo\/wp-json\/wp\/v2\/users\/63"}],"replies":[{"embeddable":true,"href":"https:\/\/www.ccae.ufpb.br\/secretariadoexecutivo\/wp-json\/wp\/v2\/comments?post=56"}],"version-history":[{"count":5,"href":"https:\/\/www.ccae.ufpb.br\/secretariadoexecutivo\/wp-json\/wp\/v2\/pages\/56\/revisions"}],"predecessor-version":[{"id":612,"href":"https:\/\/www.ccae.ufpb.br\/secretariadoexecutivo\/wp-json\/wp\/v2\/pages\/56\/revisions\/612"}],"wp:attachment":[{"href":"https:\/\/www.ccae.ufpb.br\/secretariadoexecutivo\/wp-json\/wp\/v2\/media?parent=56"}],"curies":[{"name":"wp","href":"https:\/\/api.w.org\/{rel}","templated":true}]}}