{"id":10,"date":"2025-07-24T18:16:59","date_gmt":"2025-07-24T21:16:59","guid":{"rendered":"https:\/\/www.ccae.ufpb.br\/si\/?page_id=10"},"modified":"2025-08-01T17:02:26","modified_gmt":"2025-08-01T20:02:26","slug":"apresentacao","status":"publish","type":"page","link":"https:\/\/www.ccae.ufpb.br\/si\/apresentacao\/","title":{"rendered":"Apresenta\u00e7\u00e3o"},"content":{"rendered":"\n<p>O curso de&nbsp;<strong>Bacharelado em Sistemas de Informa\u00e7\u00e3o<\/strong>&nbsp;foi criado em&nbsp;<strong>30 de maio de 2006<\/strong>&nbsp;(Resolu\u00e7\u00e3o n\u00ba 37\/2006 do CONSEPE\/UFPB), tendo como principal&nbsp;caracter\u00edstica a forma\u00e7\u00e3o multidisciplinar do profissional a partir da integra\u00e7\u00e3o&nbsp;curricular das \u00e1reas das&nbsp;<strong>ci\u00eancias exatas<\/strong>&nbsp;e&nbsp;<strong>ci\u00eancias sociais<\/strong>.<\/p>\n\n\n\n<p>Os formados no Curso de Sistemas de Informa\u00e7\u00e3o ser\u00e3o profissionais qualificados&nbsp;na utiliza\u00e7\u00e3o de recursos da inform\u00e1tica para&nbsp;<strong>desenvolver sistemas de informa\u00e7\u00e3o das organiza\u00e7\u00f5es<\/strong>&nbsp;e&nbsp;<strong>capacitados para identificar e solucionar problemas de informa\u00e7\u00e3o do&nbsp;mundo contempor\u00e2neo<\/strong>, atrav\u00e9s do uso adequado de&nbsp;<strong>recursos humanos e de inform\u00e1tica<\/strong>.&nbsp;O profissional formado no bacharelado em Sistemas de Informa\u00e7\u00e3o estar\u00e1 apto para:<\/p>\n\n\n\n<ul class=\"wp-block-list\">\n<li>Identificar os problemas de informa\u00e7\u00e3o, concebendo suas solu\u00e7\u00f5es atrav\u00e9s\u00a0da inform\u00e1tica;<\/li>\n\n\n\n<li>Especificar, modelar, projetar, desenvolver, implementar, manter e\u00a0aperfei\u00e7oar os sistemas de inform\u00e1tica;<\/li>\n\n\n\n<li>Definir e implementar crit\u00e9rios de qualidade aceit\u00e1veis nacional e\u00a0internacionalmente em todos os sistemas de informa\u00e7\u00e3o;<\/li>\n\n\n\n<li>Definir padr\u00f5es para o software, o hardware e peopleware (pessoas que\u00a0trabalham com inform\u00e1tica);<\/li>\n\n\n\n<li>Gerenciar equipes de desenvolvimento de software, projetos de sistemas,\u00a0desenvolvimento de Centros de Processamento de Dados;<\/li>\n\n\n\n<li>Selecionar pacotes de software, adaptando e aprimorando-os para as\u00a0necessidades espec\u00edficas;<\/li>\n\n\n\n<li>Projetar, configurar e administrar redes de computadores;<\/li>\n\n\n\n<li>Especificar regras de seguran\u00e7a, auditar sistemas de informa\u00e7\u00e3o e atuar\u00a0como perito t\u00e9cnico na \u00e1rea da inform\u00e1tica;<\/li>\n\n\n\n<li>Prosseguir na carreira acad\u00eamica, como docente ou pesquisador,\u00a0ingressando em cursos de p\u00f3s-gradua\u00e7\u00e3o;<\/li>\n\n\n\n<li>Compreender os impactos sociais positivos e negativos da automa\u00e7\u00e3o de\u00a0servi\u00e7os.<br><\/li>\n<\/ul>\n\n\n\n<p>O curso \u00e9&nbsp;<strong>diurno<\/strong>&nbsp;e possui&nbsp;<strong>uma<\/strong>&nbsp;<strong>entrada anual<\/strong>&nbsp;(<strong>50 vagas<\/strong>). O tempo m\u00ednimo para integraliza\u00e7\u00e3o curricular \u00e9 de&nbsp;<strong>08 per\u00edodos<\/strong>&nbsp;e o m\u00e1ximo, de&nbsp;<strong>12<\/strong>. A carga hor\u00e1ria total \u00e9 de&nbsp;<strong>3000 horas\/aula<\/strong>&nbsp;(<strong>200 cr\u00e9ditos<\/strong>).&nbsp;<\/p>\n\n\n\n<p><a href=\"https:\/\/www.instagram.com\/reel\/DBjSALfuXLy\/?utm_source=ig_web_copy_link&amp;igsh=MzRlODBiNWFlZA==\" target=\"_blank\" rel=\"noreferrer noopener\">\u00a0Breve v\u00eddeo sobre o curso<\/a><br><a href=\"https:\/\/drive.google.com\/file\/d\/1viIK3Sk0PePdBILD7KO2Qvy0K3oLEvbr\/view?usp=sharing\" target=\"_blank\" rel=\"noreferrer noopener\">Projeto Pedag\u00f3gico do Curso (PPC)<\/a><br><a href=\"http:\/\/www.ccae.ufpb.br\/si\/wp-content\/uploads\/sites\/170\/sites\/343\/2025\/07\/RESOLUCAO_29_2020.pdf\">Regulamento Geral da Gradua\u00e7\u00e3o<\/a><br><a href=\"https:\/\/drive.ufpb.br\/s\/7HHRqJa5RoaNo7N\">Plano de Desenvolvimento Institucional da UFPB (2024 &#8211; 2028)<\/a><\/p>\n\n\n\n<p><\/p>\n","protected":false},"excerpt":{"rendered":"<p>O curso de&nbsp;Bacharelado em Sistemas de Informa\u00e7\u00e3o&nbsp;foi criado em&nbsp;30 de maio de 2006&nbsp;(Resolu\u00e7\u00e3o n\u00ba 37\/2006 [&hellip;]<\/p>\n","protected":false},"author":47,"featured_media":0,"parent":0,"menu_order":0,"comment_status":"closed","ping_status":"closed","template":"","meta":{"footnotes":""},"class_list":["post-10","page","type-page","status-publish","hentry"],"_links":{"self":[{"href":"https:\/\/www.ccae.ufpb.br\/si\/wp-json\/wp\/v2\/pages\/10","targetHints":{"allow":["GET"]}}],"collection":[{"href":"https:\/\/www.ccae.ufpb.br\/si\/wp-json\/wp\/v2\/pages"}],"about":[{"href":"https:\/\/www.ccae.ufpb.br\/si\/wp-json\/wp\/v2\/types\/page"}],"author":[{"embeddable":true,"href":"https:\/\/www.ccae.ufpb.br\/si\/wp-json\/wp\/v2\/users\/47"}],"replies":[{"embeddable":true,"href":"https:\/\/www.ccae.ufpb.br\/si\/wp-json\/wp\/v2\/comments?post=10"}],"version-history":[{"count":1,"href":"https:\/\/www.ccae.ufpb.br\/si\/wp-json\/wp\/v2\/pages\/10\/revisions"}],"predecessor-version":[{"id":12,"href":"https:\/\/www.ccae.ufpb.br\/si\/wp-json\/wp\/v2\/pages\/10\/revisions\/12"}],"wp:attachment":[{"href":"https:\/\/www.ccae.ufpb.br\/si\/wp-json\/wp\/v2\/media?parent=10"}],"curies":[{"name":"wp","href":"https:\/\/api.w.org\/{rel}","templated":true}]}}