{"id":19,"date":"2025-07-24T18:18:56","date_gmt":"2025-07-24T21:18:56","guid":{"rendered":"https:\/\/www.ccae.ufpb.br\/si\/?page_id=19"},"modified":"2025-08-04T11:36:11","modified_gmt":"2025-08-04T14:36:11","slug":"colegiado-de-curso","status":"publish","type":"page","link":"https:\/\/www.ccae.ufpb.br\/si\/colegiado-de-curso\/","title":{"rendered":"Colegiado de Curso"},"content":{"rendered":"\n<p>O&nbsp;<strong>C<\/strong><strong>olegiado de Curso<\/strong>&nbsp;\u00e9 respons\u00e1vel por fixar diretrizes e orienta\u00e7\u00f5es did\u00e1ticas visando garantir a qualidade did\u00e1tico-pedag\u00f3gica do curso, al\u00e9m de coordenar e fiscalizar atividades, incluindo acompanhamento e avalia\u00e7\u00e3o dos componentes curriculares.<\/p>\n\n\n\n<p>As atribui\u00e7\u00f5es dos colegiados de cursos est\u00e3o explicitadas no artigo 22 do&nbsp;<a href=\"http:\/\/www.ufpb.br\/sods\/contents\/menu\/copy_of_regimentos\/regimento-geral\" target=\"_blank\" rel=\"noreferrer noopener\">Regimento Geral da UFPB<\/a>&nbsp;e complementadas nos artigos 15, 16 e 17 do&nbsp;<a href=\"http:\/\/plone.ufpb.br\/ded\/contents\/documentos\/resolucoes\/regimento-interno-ccae.pdf\/@@download\/file\/Regimento%20Interno%20CCAE.pdf\" target=\"_blank\" rel=\"noreferrer noopener\">Regimento Interno do CCAE<\/a>.&nbsp;O Colegiado do curso de Bacharelado de Sistemas de Informa\u00e7\u00e3o \u00e9 formado pelos seguintes membros:<\/p>\n\n\n\n<ul class=\"wp-block-list\">\n<li>Profa.\u00a0Pasqueline Lacerda Dantas\u00a0(<a href=\"http:\/\/plone.ufpb.br\/dcx\" target=\"_blank\" rel=\"noreferrer noopener\">DCX<\/a>) &#8211; Presidente<\/li>\n\n\n\n<li>Prof.\u00a0Luiz S\u00e9rgio Pl\u00e1cido da Silva\u00a0(<a href=\"http:\/\/plone.ufpb.br\/dcx\" target=\"_blank\" rel=\"noreferrer noopener\">DCX<\/a>) &#8211; Vice-Presidente<\/li>\n\n\n\n<li>Profa.\u00a0Ayla Rebou\u00e7as\u00a0(<a href=\"http:\/\/plone.ufpb.br\/dcx\" target=\"_blank\" rel=\"noreferrer noopener\">DCX<\/a>)<\/li>\n\n\n\n<li>Profa.\u00a0Rosemary Marinho\u00a0(<a href=\"http:\/\/www.ccae.ufpb.br\/ccae\/contents\/menu\/ccae-1\/departamentos-1\/dcs-2013-departamento-de-ciencias-sociais\" target=\"_blank\" rel=\"noreferrer noopener\">DCS<\/a>)<\/li>\n\n\n\n<li>Profa.\u00a0Elaine Reis\u00a0(<a href=\"http:\/\/www.ccae.ufpb.br\/dl\" target=\"_blank\" rel=\"noreferrer noopener\">DL<\/a>)<\/li>\n\n\n\n<li>Djafer Fernandes (Discente &#8211; Titular)<\/li>\n\n\n\n<li>John Wesley (Discente &#8211; Suplente)<\/li>\n<\/ul>\n","protected":false},"excerpt":{"rendered":"<p>O&nbsp;Colegiado de Curso&nbsp;\u00e9 respons\u00e1vel por fixar diretrizes e orienta\u00e7\u00f5es did\u00e1ticas visando garantir a qualidade did\u00e1tico-pedag\u00f3gica [&hellip;]<\/p>\n","protected":false},"author":47,"featured_media":0,"parent":0,"menu_order":0,"comment_status":"closed","ping_status":"closed","template":"","meta":{"footnotes":""},"class_list":["post-19","page","type-page","status-publish","hentry"],"_links":{"self":[{"href":"https:\/\/www.ccae.ufpb.br\/si\/wp-json\/wp\/v2\/pages\/19","targetHints":{"allow":["GET"]}}],"collection":[{"href":"https:\/\/www.ccae.ufpb.br\/si\/wp-json\/wp\/v2\/pages"}],"about":[{"href":"https:\/\/www.ccae.ufpb.br\/si\/wp-json\/wp\/v2\/types\/page"}],"author":[{"embeddable":true,"href":"https:\/\/www.ccae.ufpb.br\/si\/wp-json\/wp\/v2\/users\/47"}],"replies":[{"embeddable":true,"href":"https:\/\/www.ccae.ufpb.br\/si\/wp-json\/wp\/v2\/comments?post=19"}],"version-history":[{"count":5,"href":"https:\/\/www.ccae.ufpb.br\/si\/wp-json\/wp\/v2\/pages\/19\/revisions"}],"predecessor-version":[{"id":104,"href":"https:\/\/www.ccae.ufpb.br\/si\/wp-json\/wp\/v2\/pages\/19\/revisions\/104"}],"wp:attachment":[{"href":"https:\/\/www.ccae.ufpb.br\/si\/wp-json\/wp\/v2\/media?parent=19"}],"curies":[{"name":"wp","href":"https:\/\/api.w.org\/{rel}","templated":true}]}}