{"id":21,"date":"2025-07-24T18:19:13","date_gmt":"2025-07-24T21:19:13","guid":{"rendered":"https:\/\/www.ccae.ufpb.br\/si\/?page_id=21"},"modified":"2025-08-04T11:35:30","modified_gmt":"2025-08-04T14:35:30","slug":"nucleo-docente-estruturante","status":"publish","type":"page","link":"https:\/\/www.ccae.ufpb.br\/si\/nucleo-docente-estruturante\/","title":{"rendered":"N\u00facleo Docente Estruturante"},"content":{"rendered":"\n<p>O N\u00facleo Docente Estruturante (NDE) \u00e9 formado por docentes com atribui\u00e7\u00f5es&nbsp;acad\u00eamicas de acompanhamento e atua no processo de concep\u00e7\u00e3o, consolida\u00e7\u00e3o e cont\u00ednua atualiza\u00e7\u00e3o do Projeto Pedag\u00f3gico do Curso (PPC).<\/p>\n\n\n\n<p>As atribui\u00e7\u00f5es dos NDEs est\u00e3o explicitadas no cap\u00edtulo IV do&nbsp;<a href=\"http:\/\/plone.ufpb.br\/dgeoc\/contents\/documentos\/RESOLUCAO_29_2020.pdf\" target=\"_blank\" rel=\"noreferrer noopener\">Regimento Geral da Gradua\u00e7\u00e3o<\/a>. O NDE do curso de Bacharelado de Sistemas de Informa\u00e7\u00e3o \u00e9 composto pelos seguintes professores:<\/p>\n\n\n\n<ul class=\"wp-block-list\">\n<li>Profa.\u00a0Pasqueline Lacerda Dantas\u00a0(Presidente)<\/li>\n\n\n\n<li>Prof.\u00a0Luiz S\u00e9rgio Pl\u00e1cido da Silva\u00a0(Vice-Presidente)<\/li>\n\n\n\n<li>Prof.\u00a0Daniel Faustino<\/li>\n\n\n\n<li>Profa.\u00a0Raquel Vigolvino<\/li>\n\n\n\n<li>Prof.\u00a0Rodrigo Rebou\u00e7as<\/li>\n\n\n\n<li>Profa. Juliana Arag\u00e3o\u00a0<\/li>\n<\/ul>\n","protected":false},"excerpt":{"rendered":"<p>O N\u00facleo Docente Estruturante (NDE) \u00e9 formado por docentes com atribui\u00e7\u00f5es&nbsp;acad\u00eamicas de acompanhamento e atua [&hellip;]<\/p>\n","protected":false},"author":47,"featured_media":0,"parent":0,"menu_order":0,"comment_status":"closed","ping_status":"closed","template":"","meta":{"footnotes":""},"class_list":["post-21","page","type-page","status-publish","hentry"],"_links":{"self":[{"href":"https:\/\/www.ccae.ufpb.br\/si\/wp-json\/wp\/v2\/pages\/21","targetHints":{"allow":["GET"]}}],"collection":[{"href":"https:\/\/www.ccae.ufpb.br\/si\/wp-json\/wp\/v2\/pages"}],"about":[{"href":"https:\/\/www.ccae.ufpb.br\/si\/wp-json\/wp\/v2\/types\/page"}],"author":[{"embeddable":true,"href":"https:\/\/www.ccae.ufpb.br\/si\/wp-json\/wp\/v2\/users\/47"}],"replies":[{"embeddable":true,"href":"https:\/\/www.ccae.ufpb.br\/si\/wp-json\/wp\/v2\/comments?post=21"}],"version-history":[{"count":3,"href":"https:\/\/www.ccae.ufpb.br\/si\/wp-json\/wp\/v2\/pages\/21\/revisions"}],"predecessor-version":[{"id":103,"href":"https:\/\/www.ccae.ufpb.br\/si\/wp-json\/wp\/v2\/pages\/21\/revisions\/103"}],"wp:attachment":[{"href":"https:\/\/www.ccae.ufpb.br\/si\/wp-json\/wp\/v2\/media?parent=21"}],"curies":[{"name":"wp","href":"https:\/\/api.w.org\/{rel}","templated":true}]}}