{"id":30,"date":"2025-07-24T18:22:00","date_gmt":"2025-07-24T21:22:00","guid":{"rendered":"https:\/\/www.ccae.ufpb.br\/si\/?page_id=30"},"modified":"2025-08-01T17:02:26","modified_gmt":"2025-08-01T20:02:26","slug":"cadastramento","status":"publish","type":"page","link":"https:\/\/www.ccae.ufpb.br\/si\/cadastramento\/","title":{"rendered":"Cadastramento"},"content":{"rendered":"\n<p>Cadastramento \u00e9 o ato pelo qual o candidato, selecionado por quaisquer formas de ingresso estabelecidas nesta Institui\u00e7\u00e3o, vincula-se \u00e0 UFPB [<strong>Art. 139<\/strong>]. O cadastramento, condi\u00e7\u00e3o necess\u00e1ria para a realiza\u00e7\u00e3o da primeira matr\u00edcula em componentes curriculares, consiste na apresenta\u00e7\u00e3o da documenta\u00e7\u00e3o comprobat\u00f3ria exigida, conforme o edital espec\u00edfico que disciplinou o ingresso [<strong>Art. 139 \u00a71\u00ba<\/strong>].<\/p>\n\n\n\n<p>O candidato brasileiro ser\u00e1 cadastrado pelo CPF e o candidato estrangeiro pelo n\u00famero do passaporte, e receber\u00e1 um n\u00famero de identifica\u00e7\u00e3o como cadastrado da UFPB [<strong>Art. 139 \u00a72\u00ba<\/strong>].<\/p>\n\n\n\n<figure class=\"wp-block-image size-large\"><img loading=\"lazy\" decoding=\"async\" width=\"1024\" height=\"387\" src=\"https:\/\/www.ccae.ufpb.br\/si\/wp-content\/uploads\/sites\/170\/sites\/343\/2025\/07\/processo-cadastramento-1024x387.jpg\" alt=\"\" class=\"wp-image-31\" srcset=\"https:\/\/www.ccae.ufpb.br\/si\/wp-content\/uploads\/sites\/170\/sites\/343\/2025\/07\/processo-cadastramento-1024x387.jpg 1024w, https:\/\/www.ccae.ufpb.br\/si\/wp-content\/uploads\/sites\/170\/sites\/343\/2025\/07\/processo-cadastramento-300x113.jpg 300w, https:\/\/www.ccae.ufpb.br\/si\/wp-content\/uploads\/sites\/170\/sites\/343\/2025\/07\/processo-cadastramento-768x291.jpg 768w, https:\/\/www.ccae.ufpb.br\/si\/wp-content\/uploads\/sites\/170\/sites\/343\/2025\/07\/processo-cadastramento.jpg 1319w\" sizes=\"auto, (max-width: 1024px) 100vw, 1024px\" \/><\/figure>\n","protected":false},"excerpt":{"rendered":"<p>Cadastramento \u00e9 o ato pelo qual o candidato, selecionado por quaisquer formas de ingresso estabelecidas [&hellip;]<\/p>\n","protected":false},"author":47,"featured_media":0,"parent":0,"menu_order":0,"comment_status":"closed","ping_status":"closed","template":"","meta":{"footnotes":""},"class_list":["post-30","page","type-page","status-publish","hentry"],"_links":{"self":[{"href":"https:\/\/www.ccae.ufpb.br\/si\/wp-json\/wp\/v2\/pages\/30","targetHints":{"allow":["GET"]}}],"collection":[{"href":"https:\/\/www.ccae.ufpb.br\/si\/wp-json\/wp\/v2\/pages"}],"about":[{"href":"https:\/\/www.ccae.ufpb.br\/si\/wp-json\/wp\/v2\/types\/page"}],"author":[{"embeddable":true,"href":"https:\/\/www.ccae.ufpb.br\/si\/wp-json\/wp\/v2\/users\/47"}],"replies":[{"embeddable":true,"href":"https:\/\/www.ccae.ufpb.br\/si\/wp-json\/wp\/v2\/comments?post=30"}],"version-history":[{"count":1,"href":"https:\/\/www.ccae.ufpb.br\/si\/wp-json\/wp\/v2\/pages\/30\/revisions"}],"predecessor-version":[{"id":32,"href":"https:\/\/www.ccae.ufpb.br\/si\/wp-json\/wp\/v2\/pages\/30\/revisions\/32"}],"wp:attachment":[{"href":"https:\/\/www.ccae.ufpb.br\/si\/wp-json\/wp\/v2\/media?parent=30"}],"curies":[{"name":"wp","href":"https:\/\/api.w.org\/{rel}","templated":true}]}}