{"id":35,"date":"2025-07-24T18:23:14","date_gmt":"2025-07-24T21:23:14","guid":{"rendered":"https:\/\/www.ccae.ufpb.br\/si\/?page_id=35"},"modified":"2025-08-01T17:02:27","modified_gmt":"2025-08-01T20:02:27","slug":"identidade-visual","status":"publish","type":"page","link":"https:\/\/www.ccae.ufpb.br\/si\/identidade-visual\/","title":{"rendered":"Identidade Visual"},"content":{"rendered":"\n<p>A identidade visual representa atrav\u00e9s de um conjunto de elementos gr\u00e1ficos, um nome, ideia, produto, empresa, institui\u00e7\u00e3o ou servi\u00e7o.<\/p>\n\n\n\n<p>O conceito da marca SI est\u00e1 intimamente ligado aos padr\u00f5es visuais Potiguaras e \u00e0 tecnologia utilizada na transmiss\u00e3o de informa\u00e7\u00f5es atrav\u00e9s de computadores. Essa dicotomia acaba aproximando esses mundos e aliando as primeiras redes de computadores \u00e0s formas geom\u00e9tricas e o vermelho do Urucum.<\/p>\n\n\n\n<p>As formas geom\u00e9tricas levemente arredondadas referenciam as pinturas corporais ind\u00edgenas, visto que o Vale do Mamanguape, onde est\u00e1 localizado o curso de Sistema de Informa\u00e7\u00f5es, abriga diversas tribos potiguaras que utilizam desta simbologia.<\/p>\n\n\n\n<p>O manual da marca e a logo em diferentes formatos podem ser acessados&nbsp;<a href=\"https:\/\/drive.google.com\/drive\/u\/2\/folders\/1yefWV5imXG1Zwq5i0lTP5MGDkfrYZfAE\" target=\"_blank\" rel=\"noreferrer noopener\">aqui<\/a>.<\/p>\n","protected":false},"excerpt":{"rendered":"<p>A identidade visual representa atrav\u00e9s de um conjunto de elementos gr\u00e1ficos, um nome, ideia, produto, [&hellip;]<\/p>\n","protected":false},"author":47,"featured_media":0,"parent":0,"menu_order":0,"comment_status":"closed","ping_status":"closed","template":"","meta":{"footnotes":""},"class_list":["post-35","page","type-page","status-publish","hentry"],"_links":{"self":[{"href":"https:\/\/www.ccae.ufpb.br\/si\/wp-json\/wp\/v2\/pages\/35","targetHints":{"allow":["GET"]}}],"collection":[{"href":"https:\/\/www.ccae.ufpb.br\/si\/wp-json\/wp\/v2\/pages"}],"about":[{"href":"https:\/\/www.ccae.ufpb.br\/si\/wp-json\/wp\/v2\/types\/page"}],"author":[{"embeddable":true,"href":"https:\/\/www.ccae.ufpb.br\/si\/wp-json\/wp\/v2\/users\/47"}],"replies":[{"embeddable":true,"href":"https:\/\/www.ccae.ufpb.br\/si\/wp-json\/wp\/v2\/comments?post=35"}],"version-history":[{"count":2,"href":"https:\/\/www.ccae.ufpb.br\/si\/wp-json\/wp\/v2\/pages\/35\/revisions"}],"predecessor-version":[{"id":37,"href":"https:\/\/www.ccae.ufpb.br\/si\/wp-json\/wp\/v2\/pages\/35\/revisions\/37"}],"wp:attachment":[{"href":"https:\/\/www.ccae.ufpb.br\/si\/wp-json\/wp\/v2\/media?parent=35"}],"curies":[{"name":"wp","href":"https:\/\/api.w.org\/{rel}","templated":true}]}}