{"id":39,"date":"2025-07-24T18:25:56","date_gmt":"2025-07-24T21:25:56","guid":{"rendered":"https:\/\/www.ccae.ufpb.br\/si\/?page_id=39"},"modified":"2025-08-01T17:02:27","modified_gmt":"2025-08-01T20:02:27","slug":"grupos-de-pesquisa","status":"publish","type":"page","link":"https:\/\/www.ccae.ufpb.br\/si\/grupos-de-pesquisa\/","title":{"rendered":"Grupos de Pesquisa"},"content":{"rendered":"\n<p>O curso de Bacharelado em Sistemas de Informa\u00e7\u00e3o est\u00e1 inserido em um ecossistema composto por Grupos de Pesquisa lotados no Departamento de Ci\u00eancias Exatas (DCX):<\/p>\n\n\n\n<figure class=\"wp-block-table\"><table class=\"has-fixed-layout\"><tbody><tr><td rowspan=\"4\"><br><br><img decoding=\"async\" src=\"http:\/\/plone.ufpb.br\/si\/contents\/imagens\/logoapplied-vetor.jpg\/@@images\/d11b01e2-3a08-400e-8366-bb9f66162a87.jpeg\" alt=\"logoApplied vetor.jpg\"><\/td><td><strong>APPLIED<\/strong><\/td><\/tr><tr><td><strong>Coordena\u00e7\u00e3o:<\/strong>&nbsp;Profa&nbsp;<a href=\"http:\/\/buscatextual.cnpq.br\/buscatextual\/visualizacv.do?id=K4762546T0\" target=\"_blank\" rel=\"noreferrer noopener\">Ayla Rebou\u00e7as<\/a><\/td><\/tr><tr><td><strong>Objetivo:<\/strong>&nbsp;Realizar pesquisa e desenvolvimento de solu\u00e7\u00f5es computacionais multidisciplinares com foco em Educa\u00e7\u00e3o em Computa\u00e7\u00e3o e Computa\u00e7\u00e3o Aplicada \u00e0 Educa\u00e7\u00e3o.<\/td><\/tr><tr><td><strong>Instagram:<\/strong>&nbsp;<a href=\"https:\/\/www.instagram.com\/applied.ufpb\/\" target=\"_blank\" rel=\"noreferrer noopener\">@applied.ufpb<\/a><br><strong>Site:<\/strong>&nbsp;<a href=\"http:\/\/sisalfa.dcx.ufpb.br\/\" target=\"_blank\" rel=\"noreferrer noopener\">sisalfa.dcx.ufpb.br<\/a><\/td><\/tr><\/tbody><\/table><\/figure>\n\n\n\n<figure class=\"wp-block-table\"><table class=\"has-fixed-layout\"><tbody><tr><td rowspan=\"4\"><br><br><img decoding=\"async\" src=\"http:\/\/plone.ufpb.br\/si\/contents\/imagens\/autonomosdigitais-vetor-jpeg.jpg\/@@images\/2ac0dc63-d1f5-4780-83cd-d7dd2647c969.jpeg\" alt=\"autonomosdigitais vetor jpeg.jpg\"><\/td><td><strong>AUT\u00d4NOMOS DIGITAIS<\/strong><\/td><\/tr><tr><td><strong>Coordena\u00e7\u00e3o:<\/strong>&nbsp;Profa&nbsp;<a href=\"http:\/\/buscatextual.cnpq.br\/buscatextual\/visualizacv.do?id=K4164540J7\" target=\"_blank\" rel=\"noreferrer noopener\">Juliana Saraiva<\/a>&nbsp;e Profa&nbsp;<a href=\"http:\/\/buscatextual.cnpq.br\/buscatextual\/visualizacv.do?id=K4263619H9\" target=\"_blank\" rel=\"noreferrer noopener\">Yuska Paola<\/a><\/td><\/tr><tr><td><strong>Objetivo:<\/strong>&nbsp;Desenvolver e avaliar softwares voltados ao aprimoramento de recursos de Tecnologia Assistiva Baseada em Computador com fins terap\u00eauticos, de inclus\u00e3o social, educacional e cultural de pessoas com defici\u00eancias f\u00edsicas, cognitivas e mentais.<\/td><\/tr><tr><td><strong>Instagram:<\/strong>&nbsp;<a href=\"https:\/\/www.instagram.com\/autonomosdigitais\/\" target=\"_blank\" rel=\"noreferrer noopener\">@autonomosdigitais<\/a><a href=\"https:\/\/www.instagram.com\/applied.ufpb\/\" target=\"_blank\" rel=\"noreferrer noopener\"><\/a><br><strong>Site:<\/strong>&nbsp;<a href=\"http:\/\/autonomos.dcx.ufpb.br\/\" target=\"_blank\" rel=\"noreferrer noopener\">autonomos.dcx.ufpb.br<\/a><\/td><\/tr><\/tbody><\/table><\/figure>\n\n\n\n<figure class=\"wp-block-table\"><table class=\"has-fixed-layout\"><tbody><tr><td rowspan=\"4\"><br><br><img decoding=\"async\" src=\"http:\/\/plone.ufpb.br\/si\/contents\/imagens\/ayty-logo.jpg\/@@images\/4adfd855-0369-4d71-b654-9f06d1517fe9.jpeg\" alt=\"ayty-logo.jpg\"><\/td><td><strong>AYTY<\/strong><\/td><\/tr><tr><td><strong>Coordena\u00e7\u00e3o:<\/strong>&nbsp;Prof&nbsp;<a href=\"http:\/\/buscatextual.cnpq.br\/buscatextual\/visualizacv.do?id=K4762112Y7\" target=\"_blank\" rel=\"noreferrer noopener\">Rodrigo Rebou\u00e7as<\/a><\/td><\/tr><tr><td><strong>Objetivo:<\/strong>&nbsp;Promover a integra\u00e7\u00e3o entre universidade e empresas atrav\u00e9s de projetos de coopera\u00e7\u00e3o, desenvolvimento de pesquisa aplicada e projetos de extens\u00e3o.<\/td><\/tr><tr><td><strong>Instagram:<\/strong>&nbsp;<a href=\"https:\/\/www.instagram.com\/ayty.ufpb\/\" target=\"_blank\" rel=\"noreferrer noopener\">@ayty.ufpb<\/a><br><strong>Site:<\/strong>&nbsp;<a href=\"http:\/\/ayty.org\/\" target=\"_blank\" rel=\"noreferrer noopener\">ayty.org<\/a><\/td><\/tr><\/tbody><\/table><\/figure>\n\n\n\n<figure class=\"wp-block-table\"><table class=\"has-fixed-layout\"><tbody><tr><td rowspan=\"4\"><br><br><img decoding=\"async\" src=\"http:\/\/plone.ufpb.br\/si\/contents\/imagens\/decisionlab.jpg\/@@images\/2cc40906-d556-4c46-893c-31b31d0c219b.jpeg\" alt=\"decisionlab.jpg\"><\/td><td><strong>DECISION.LAB<\/strong><\/td><\/tr><tr><td><strong>Coordena\u00e7\u00e3o:<\/strong>&nbsp;Prof&nbsp;<a href=\"http:\/\/buscatextual.cnpq.br\/buscatextual\/visualizacv.do?id=K4751108U6\" target=\"_blank\" rel=\"noreferrer noopener\">Adson Cunha<\/a><\/td><\/tr><tr><td><strong>Objetivo:<\/strong>&nbsp;Realizar pesquisas sobre a aplica\u00e7\u00e3o de conceitos, teorias e m\u00e9todos da Economia Comportamental em v\u00e1rias \u00e1reas de conhecimento.&nbsp;De forma complementar, tem como objetivo apoiar organiza\u00e7\u00f5es na tomada de decis\u00f5es complexas atrav\u00e9s da elabora\u00e7\u00e3o de modelos multicrit\u00e9rios e analisar dados visando a extra\u00e7\u00e3o de conhecimento, detec\u00e7\u00e3o de padr\u00f5es e\/ou obten\u00e7\u00e3o de insights para tomada de decis\u00e3o.<\/td><\/tr><tr><td><strong>Instagram:<\/strong>&nbsp;<a href=\"https:\/\/www.instagram.com\/decisionlab.ufpb\/\" target=\"_blank\" rel=\"noreferrer noopener\">@decisionlab.ufpb<\/a><a href=\"https:\/\/www.instagram.com\/applied.ufpb\/\" target=\"_blank\" rel=\"noreferrer noopener\"><\/a><br><strong>Site:<\/strong>&nbsp;<a href=\"http:\/\/decisionlab.dcx.ufpb.br\/\" target=\"_blank\" rel=\"noreferrer noopener\">decisionlab.dcx.ufpb.br<\/a><\/td><\/tr><\/tbody><\/table><\/figure>\n\n\n\n<figure class=\"wp-block-table\"><table class=\"has-fixed-layout\"><tbody><tr><td rowspan=\"4\"><br><br><img decoding=\"async\" src=\"http:\/\/plone.ufpb.br\/si\/contents\/imagens\/itgirls-vetor.jpg\/@@images\/c817fb61-f8f6-4c39-bb15-9066bb3b17e9.jpeg\" alt=\"itgirls vetor.jpg\"><\/td><td><strong>IT GIRLS<\/strong><\/td><\/tr><tr><td><strong>Coordena\u00e7\u00e3o:<\/strong>&nbsp;Profa&nbsp;<a href=\"http:\/\/lattes.cnpq.br\/5196069557142312\" target=\"_blank\" rel=\"noreferrer noopener\">Vanessa Dantas<\/a><\/td><\/tr><tr><td><strong>Objetivo:<\/strong>&nbsp;Incentivar as alunas da educa\u00e7\u00e3o b\u00e1sica a ingressarem nos cursos de tecnologia e motivar a continuidade das que j\u00e1 ingressaram, promover igualdade de g\u00eanero e conscientiza\u00e7\u00e3o nos discentes e comunidade.<\/td><\/tr><tr><td><strong>Instagram:<\/strong>&nbsp;<a href=\"https:\/\/www.instagram.com\/itgirlsrt\/\" target=\"_blank\" rel=\"noreferrer noopener\">@itgirlsrt<\/a><a href=\"https:\/\/www.instagram.com\/applied.ufpb\/\" target=\"_blank\" rel=\"noreferrer noopener\"><\/a><br><strong>Site:<\/strong>&nbsp;<a href=\"http:\/\/itgirls.dcx.ufpb.br\/\" target=\"_blank\" rel=\"noreferrer noopener\">itgirls.dcx.ufpb.br<\/a><\/td><\/tr><\/tbody><\/table><\/figure>\n\n\n\n<figure class=\"wp-block-table\"><table class=\"has-fixed-layout\"><tbody><tr><td rowspan=\"4\"><br><br><img decoding=\"async\" src=\"http:\/\/plone.ufpb.br\/si\/contents\/imagens\/labdados-vetor.jpg\/@@images\/d34874bd-304f-4e2e-9b79-f5cc96da1806.jpeg\" alt=\"labdados vetor.jpg\"><\/td><td><strong>LABDADOS<\/strong><\/td><\/tr><tr><td><strong>Coordena\u00e7\u00e3o:<\/strong>&nbsp;Prof&nbsp;<a href=\"http:\/\/lattes.cnpq.br\/4764601053478564\" target=\"_blank\" rel=\"noreferrer noopener\">Marcus Carvalho<\/a>&nbsp;e Profa&nbsp;<a href=\"http:\/\/lattes.cnpq.br\/0577503698179302\" target=\"_blank\" rel=\"noreferrer noopener\">Raquel Vigolvino<\/a><\/td><\/tr><tr><td><strong>Objetivo:<\/strong>&nbsp;Desenvolver pesquisas e solu\u00e7\u00f5es na \u00e1rea de ci\u00eancia de dados.&nbsp; &nbsp; &nbsp; &nbsp; &nbsp; &nbsp; &nbsp; &nbsp; &nbsp; &nbsp; &nbsp; &nbsp; &nbsp; &nbsp; &nbsp; &nbsp; &nbsp; &nbsp; &nbsp; &nbsp; &nbsp;<\/td><\/tr><tr><td><strong>Instagram:<\/strong>&nbsp;<a href=\"https:\/\/www.instagram.com\/labdados\/\" target=\"_blank\" rel=\"noreferrer noopener\">@labdados<\/a><\/td><\/tr><\/tbody><\/table><\/figure>\n","protected":false},"excerpt":{"rendered":"<p>O curso de Bacharelado em Sistemas de Informa\u00e7\u00e3o est\u00e1 inserido em um ecossistema composto por [&hellip;]<\/p>\n","protected":false},"author":47,"featured_media":0,"parent":0,"menu_order":0,"comment_status":"closed","ping_status":"closed","template":"","meta":{"footnotes":""},"class_list":["post-39","page","type-page","status-publish","hentry"],"_links":{"self":[{"href":"https:\/\/www.ccae.ufpb.br\/si\/wp-json\/wp\/v2\/pages\/39","targetHints":{"allow":["GET"]}}],"collection":[{"href":"https:\/\/www.ccae.ufpb.br\/si\/wp-json\/wp\/v2\/pages"}],"about":[{"href":"https:\/\/www.ccae.ufpb.br\/si\/wp-json\/wp\/v2\/types\/page"}],"author":[{"embeddable":true,"href":"https:\/\/www.ccae.ufpb.br\/si\/wp-json\/wp\/v2\/users\/47"}],"replies":[{"embeddable":true,"href":"https:\/\/www.ccae.ufpb.br\/si\/wp-json\/wp\/v2\/comments?post=39"}],"version-history":[{"count":1,"href":"https:\/\/www.ccae.ufpb.br\/si\/wp-json\/wp\/v2\/pages\/39\/revisions"}],"predecessor-version":[{"id":40,"href":"https:\/\/www.ccae.ufpb.br\/si\/wp-json\/wp\/v2\/pages\/39\/revisions\/40"}],"wp:attachment":[{"href":"https:\/\/www.ccae.ufpb.br\/si\/wp-json\/wp\/v2\/media?parent=39"}],"curies":[{"name":"wp","href":"https:\/\/api.w.org\/{rel}","templated":true}]}}