{"id":45,"date":"2025-07-24T18:26:53","date_gmt":"2025-07-24T21:26:53","guid":{"rendered":"https:\/\/www.ccae.ufpb.br\/si\/?page_id=45"},"modified":"2025-08-01T17:02:27","modified_gmt":"2025-08-01T20:02:27","slug":"topicos-especiais","status":"publish","type":"page","link":"https:\/\/www.ccae.ufpb.br\/si\/topicos-especiais\/","title":{"rendered":"T\u00f3picos Especiais"},"content":{"rendered":"\n<p>Os&nbsp;<strong>conte\u00fados complementares flex\u00edveis<\/strong>&nbsp;constituem-se em conte\u00fados&nbsp;curriculares livres como semin\u00e1rios, congressos, col\u00f3quios, oficinas, t\u00f3picos especiais e flex\u00edveis ou em forma de projetos de ensino, de pesquisa e de extens\u00e3o conforme resolu\u00e7\u00e3o 29\/2020 do CONSEPE. Tais atividades t\u00eam como objetivo flexibilizar o curr\u00edculo pleno do&nbsp;curso de Bacharelado em Sistemas de Informa\u00e7\u00e3o e propiciar aos seus estudantes, mediante iniciativas pr\u00f3prias, participa\u00e7\u00e3o e integra\u00e7\u00e3o em atividades extracurriculares,&nbsp;dentro ou fora da institui\u00e7\u00e3o, e a possibilidade de aprofundamento tem\u00e1tico e interdisciplinar.<\/p>\n\n\n\n<p><a href=\"https:\/\/drive.google.com\/file\/d\/10ntxRxFZguDN6Rk39CPdxbLuhS5IW7Pl\/view?usp=sharing\" target=\"_blank\" rel=\"noreferrer noopener\">&nbsp;Regulamento<\/a><\/p>\n\n\n\n<p><a href=\"https:\/\/docs.google.com\/document\/d\/17mz4geUgMoCyLG__ubQrW466awPUdFcI\/edit\" target=\"_blank\" rel=\"noreferrer noopener\">&nbsp;Requerimento<\/a><\/p>\n","protected":false},"excerpt":{"rendered":"<p>Os&nbsp;conte\u00fados complementares flex\u00edveis&nbsp;constituem-se em conte\u00fados&nbsp;curriculares livres como semin\u00e1rios, congressos, col\u00f3quios, oficinas, t\u00f3picos especiais e flex\u00edveis [&hellip;]<\/p>\n","protected":false},"author":47,"featured_media":0,"parent":0,"menu_order":0,"comment_status":"closed","ping_status":"closed","template":"","meta":{"footnotes":""},"class_list":["post-45","page","type-page","status-publish","hentry"],"_links":{"self":[{"href":"https:\/\/www.ccae.ufpb.br\/si\/wp-json\/wp\/v2\/pages\/45","targetHints":{"allow":["GET"]}}],"collection":[{"href":"https:\/\/www.ccae.ufpb.br\/si\/wp-json\/wp\/v2\/pages"}],"about":[{"href":"https:\/\/www.ccae.ufpb.br\/si\/wp-json\/wp\/v2\/types\/page"}],"author":[{"embeddable":true,"href":"https:\/\/www.ccae.ufpb.br\/si\/wp-json\/wp\/v2\/users\/47"}],"replies":[{"embeddable":true,"href":"https:\/\/www.ccae.ufpb.br\/si\/wp-json\/wp\/v2\/comments?post=45"}],"version-history":[{"count":2,"href":"https:\/\/www.ccae.ufpb.br\/si\/wp-json\/wp\/v2\/pages\/45\/revisions"}],"predecessor-version":[{"id":47,"href":"https:\/\/www.ccae.ufpb.br\/si\/wp-json\/wp\/v2\/pages\/45\/revisions\/47"}],"wp:attachment":[{"href":"https:\/\/www.ccae.ufpb.br\/si\/wp-json\/wp\/v2\/media?parent=45"}],"curies":[{"name":"wp","href":"https:\/\/api.w.org\/{rel}","templated":true}]}}