{"id":48,"date":"2025-07-24T18:27:26","date_gmt":"2025-07-24T21:27:26","guid":{"rendered":"https:\/\/www.ccae.ufpb.br\/si\/?page_id=48"},"modified":"2025-08-01T17:02:27","modified_gmt":"2025-08-01T20:02:27","slug":"regulamento","status":"publish","type":"page","link":"https:\/\/www.ccae.ufpb.br\/si\/regulamento\/","title":{"rendered":"Regulamento"},"content":{"rendered":"\n<p>O&nbsp;<strong>Trabalho de Conclus\u00e3o de Curso (TCC)<\/strong>, conforme especificado na Resolu\u00e7\u00e3o N\u00b0 72\/2009 do&nbsp;CONSEPE\/UFPB e na Resolu\u00e7\u00e3o N\u00b0 29\/2020 CONSEPE\/UFPB, integraliza a&nbsp;grade curricular do curso de Bacharelado de Sistemas de Informa\u00e7\u00e3o,&nbsp;como conte\u00fado complementar obrigat\u00f3rio, com 04 cr\u00e9ditos. Sendo um trabalho&nbsp;individual do graduando, apresentado oralmente e tamb\u00e9m por meio de um&nbsp;documento sob a forma de monografia, artigo cient\u00edfico completo, plano de neg\u00f3cio&nbsp;ou artigo tecnol\u00f3gico, sob a orienta\u00e7\u00e3o de um professor do referido curso ou por um&nbsp;professor externo ao curso, desde que a orienta\u00e7\u00e3o seja aprovada pelo coordenador&nbsp;de TCC.<\/p>\n\n\n\n<p><img decoding=\"async\" src=\"http:\/\/plone.ufpb.br\/si\/contents\/imagens\/download_icon\/@@images\/05e93a6e-c6da-41cc-b317-e4c3b96c819e.png\" alt=\"download_icon\">&nbsp;<a href=\"https:\/\/drive.google.com\/file\/d\/1BqBBKUWwH_FfakdQgaqcYEReV90Z6ZP2\/view?usp=sharing\" target=\"_blank\" rel=\"noreferrer noopener\">Regulamento<\/a>&nbsp;<br><a href=\"https:\/\/drive.google.com\/file\/d\/1yo615dS4lDm72YXs7ajrvzIlJU8ZN9E9\/view?usp=drive_link\" target=\"_blank\" rel=\"noreferrer noopener\">&nbsp;Atualiza\u00e7\u00e3o do Regulamento [<em>Exclus\u00e3o da Pr\u00e9-banca + Composi\u00e7\u00e3o da Banca<\/em>]<\/a><br><a href=\"https:\/\/docs.google.com\/document\/d\/1s04ZRE89XGW1Gg7xTmVuRVWtKCgZQYduKIiTfEjx8OQ\/edit?tab=t.0#heading=h.8f8qqbikck7t\" target=\"_blank\" rel=\"noreferrer noopener\"><\/a><a href=\"https:\/\/docs.google.com\/document\/d\/1s04ZRE89XGW1Gg7xTmVuRVWtKCgZQYduKIiTfEjx8OQ\/edit?tab=t.0#heading=h.8f8qqbikck7t\" target=\"_blank\" rel=\"noreferrer noopener\">&nbsp;Termo de Aceite de Orienta\u00e7\u00e3o<\/a><br><a href=\"https:\/\/docs.google.com\/document\/d\/1yllGxgHVUtyGPDWCtCRVDMf7BweWRFAYA3blCFftfF0\/edit?tab=t.0\" target=\"_blank\" rel=\"noreferrer noopener\">&nbsp;Projeto de TCC<br><br><\/a><strong>Coordenador de TCC:<\/strong>&nbsp;Prof. Alexandre Scaico.<\/p>\n","protected":false},"excerpt":{"rendered":"<p>O&nbsp;Trabalho de Conclus\u00e3o de Curso (TCC), conforme especificado na Resolu\u00e7\u00e3o N\u00b0 72\/2009 do&nbsp;CONSEPE\/UFPB e na [&hellip;]<\/p>\n","protected":false},"author":47,"featured_media":0,"parent":0,"menu_order":0,"comment_status":"closed","ping_status":"closed","template":"","meta":{"footnotes":""},"class_list":["post-48","page","type-page","status-publish","hentry"],"_links":{"self":[{"href":"https:\/\/www.ccae.ufpb.br\/si\/wp-json\/wp\/v2\/pages\/48","targetHints":{"allow":["GET"]}}],"collection":[{"href":"https:\/\/www.ccae.ufpb.br\/si\/wp-json\/wp\/v2\/pages"}],"about":[{"href":"https:\/\/www.ccae.ufpb.br\/si\/wp-json\/wp\/v2\/types\/page"}],"author":[{"embeddable":true,"href":"https:\/\/www.ccae.ufpb.br\/si\/wp-json\/wp\/v2\/users\/47"}],"replies":[{"embeddable":true,"href":"https:\/\/www.ccae.ufpb.br\/si\/wp-json\/wp\/v2\/comments?post=48"}],"version-history":[{"count":2,"href":"https:\/\/www.ccae.ufpb.br\/si\/wp-json\/wp\/v2\/pages\/48\/revisions"}],"predecessor-version":[{"id":50,"href":"https:\/\/www.ccae.ufpb.br\/si\/wp-json\/wp\/v2\/pages\/48\/revisions\/50"}],"wp:attachment":[{"href":"https:\/\/www.ccae.ufpb.br\/si\/wp-json\/wp\/v2\/media?parent=48"}],"curies":[{"name":"wp","href":"https:\/\/api.w.org\/{rel}","templated":true}]}}