{"id":51,"date":"2025-07-24T18:28:00","date_gmt":"2025-07-24T21:28:00","guid":{"rendered":"https:\/\/www.ccae.ufpb.br\/si\/?page_id=51"},"modified":"2025-08-01T17:02:26","modified_gmt":"2025-08-01T20:02:26","slug":"base-de-tccs","status":"publish","type":"page","link":"https:\/\/www.ccae.ufpb.br\/si\/base-de-tccs\/","title":{"rendered":"Base de TCCs"},"content":{"rendered":"\n<p>O Trabalho de Conclus\u00e3o de Curso representa&nbsp;um momento importante da jornada acad\u00eamica de cada discente. Neste processo, \u00e9 importante saber o que se quer fazer dentre as possibilidades existentes. Para apoiar essa decis\u00e3o e a condu\u00e7\u00e3o dos trabalhos, na&nbsp;<strong>Base de TCCs<\/strong>&nbsp;\u00e9 poss\u00edvel consultar os trabalhos anteriores por \u00e1rea e orientador. Dada a interse\u00e7\u00e3o com o curso de Licenciatura em Ci\u00eancia da Computa\u00e7\u00e3o, s\u00e3o disponibilizados TCCs de ambos os cursos.<\/p>\n\n\n\n<p><a href=\"https:\/\/datastudio.google.com\/reporting\/a6d53659-bbd4-4e5a-83f0-ba759ac3f136\/page\/cT6oC\" target=\"_blank\" rel=\"noreferrer noopener\">Base de TCCs<\/a><\/p>\n","protected":false},"excerpt":{"rendered":"<p>O Trabalho de Conclus\u00e3o de Curso representa&nbsp;um momento importante da jornada acad\u00eamica de cada discente. [&hellip;]<\/p>\n","protected":false},"author":47,"featured_media":0,"parent":0,"menu_order":0,"comment_status":"closed","ping_status":"closed","template":"","meta":{"footnotes":""},"class_list":["post-51","page","type-page","status-publish","hentry"],"_links":{"self":[{"href":"https:\/\/www.ccae.ufpb.br\/si\/wp-json\/wp\/v2\/pages\/51","targetHints":{"allow":["GET"]}}],"collection":[{"href":"https:\/\/www.ccae.ufpb.br\/si\/wp-json\/wp\/v2\/pages"}],"about":[{"href":"https:\/\/www.ccae.ufpb.br\/si\/wp-json\/wp\/v2\/types\/page"}],"author":[{"embeddable":true,"href":"https:\/\/www.ccae.ufpb.br\/si\/wp-json\/wp\/v2\/users\/47"}],"replies":[{"embeddable":true,"href":"https:\/\/www.ccae.ufpb.br\/si\/wp-json\/wp\/v2\/comments?post=51"}],"version-history":[{"count":1,"href":"https:\/\/www.ccae.ufpb.br\/si\/wp-json\/wp\/v2\/pages\/51\/revisions"}],"predecessor-version":[{"id":52,"href":"https:\/\/www.ccae.ufpb.br\/si\/wp-json\/wp\/v2\/pages\/51\/revisions\/52"}],"wp:attachment":[{"href":"https:\/\/www.ccae.ufpb.br\/si\/wp-json\/wp\/v2\/media?parent=51"}],"curies":[{"name":"wp","href":"https:\/\/api.w.org\/{rel}","templated":true}]}}