{"id":53,"date":"2025-07-24T18:28:25","date_gmt":"2025-07-24T21:28:25","guid":{"rendered":"https:\/\/www.ccae.ufpb.br\/si\/?page_id=53"},"modified":"2025-08-01T17:02:26","modified_gmt":"2025-08-01T20:02:26","slug":"ebook","status":"publish","type":"page","link":"https:\/\/www.ccae.ufpb.br\/si\/ebook\/","title":{"rendered":"Ebook"},"content":{"rendered":"\n<p>A sociedade tem passado por transforma\u00e7\u00f5es estruturais evidenciadas pelo avan\u00e7o do conhecimento cient\u00edfico e pela utiliza\u00e7\u00e3o da computa\u00e7\u00e3o em diversas \u00e1reas. Nesse contexto, amplia-se a necessidade de se formar cidad\u00e3os capazes de contribuir com a sociedade atrav\u00e9s de tecnologia.&nbsp;Os cursos de Bacharelado em Sistemas de Informa\u00e7\u00e3o (BSI) e Licenciatura em Ci\u00eancia da Computa\u00e7\u00e3o (LCC), criados em 2006 e implantados em 2007 no Campus IV da Universidade Federal da Para\u00edba, t\u00eam desempenhado esse papel com dedica\u00e7\u00e3o e esfor\u00e7o no Vale do Mamanguape.<\/p>\n\n\n\n<p>Al\u00e9m das atividades pr\u00e1ticas nos componentes curriculares, os discentes t\u00eam a oportunidade de trabalhar em projetos de pesquisa e extens\u00e3o. Tais experi\u00eancias favorecem um desenvolvimento que dificilmente seria poss\u00edvel fora do ambiente acad\u00eamico. Ao longo de 15 anos, mais de 400 Trabalhos de Conclus\u00e3o de Curso foram defendidos por discentes de ambos os cursos em diferentes \u00e1reas: Engenharia de Software, Educa\u00e7\u00e3o na Computa\u00e7\u00e3o, Inform\u00e1tica na Educa\u00e7\u00e3o, Intelig\u00eancia Artificial, Gest\u00e3o e Governan\u00e7a, Intera\u00e7\u00e3o Humano-Computador, Ci\u00eancia de Dados, dentre outras.<\/p>\n\n\n\n<p>Neste ebook comemorativo, 19 docentes selecionaram um trabalho sob sua orienta\u00e7\u00e3o para representar seus orientandos. Muitos trabalhos interessantes ficaram de fora, mas podem ser acessados atrav\u00e9s de nossa&nbsp;<a href=\"https:\/\/datastudio.google.com\/reporting\/a6d53659-bbd4-4e5a-83f0-ba759ac3f136\/page\/cT6oC\" target=\"_blank\" rel=\"noreferrer noopener\">Base de TCCs<\/a>.<\/p>\n\n\n\n<p>As coordena\u00e7\u00f5es de SI e LCC desejam um bom passeio pela hist\u00f3ria dos cursos atrav\u00e9s dos trabalhos dos discentes.&nbsp;Boa leitura!<\/p>\n\n\n\n<p><img decoding=\"async\" src=\"http:\/\/plone.ufpb.br\/si\/contents\/imagens\/link.png\/@@images\/1c99278e-64a7-4ddc-8514-83a607498b86.png\" alt=\"link.png\">&nbsp;<a href=\"https:\/\/drive.google.com\/file\/d\/1La8Xs-S-kIpRdYkB3rYwQ786MiXsHcDz\/view?usp=sharing\" target=\"_blank\" rel=\"noreferrer noopener\">EPUB<\/a>&nbsp;[abrir com&nbsp;<a href=\"https:\/\/www.adobe.com\/br\/solutions\/ebook\/digital-editions\/download.html\" target=\"_blank\" rel=\"noreferrer noopener\">Adobe Digital Editions<\/a>]<br><img decoding=\"async\" src=\"http:\/\/plone.ufpb.br\/si\/contents\/imagens\/link.png\/@@images\/1c99278e-64a7-4ddc-8514-83a607498b86.png\" alt=\"link.png\">&nbsp;<a href=\"https:\/\/drive.google.com\/file\/d\/1jPi0qMUtTjIKQe_jGX-aeXPdFiqUmQO9\/view?usp=sharing\" target=\"_blank\" rel=\"noreferrer noopener\">PDF<\/a><\/p>\n","protected":false},"excerpt":{"rendered":"<p>A sociedade tem passado por transforma\u00e7\u00f5es estruturais evidenciadas pelo avan\u00e7o do conhecimento cient\u00edfico e pela [&hellip;]<\/p>\n","protected":false},"author":47,"featured_media":0,"parent":0,"menu_order":0,"comment_status":"closed","ping_status":"closed","template":"","meta":{"footnotes":""},"class_list":["post-53","page","type-page","status-publish","hentry"],"_links":{"self":[{"href":"https:\/\/www.ccae.ufpb.br\/si\/wp-json\/wp\/v2\/pages\/53","targetHints":{"allow":["GET"]}}],"collection":[{"href":"https:\/\/www.ccae.ufpb.br\/si\/wp-json\/wp\/v2\/pages"}],"about":[{"href":"https:\/\/www.ccae.ufpb.br\/si\/wp-json\/wp\/v2\/types\/page"}],"author":[{"embeddable":true,"href":"https:\/\/www.ccae.ufpb.br\/si\/wp-json\/wp\/v2\/users\/47"}],"replies":[{"embeddable":true,"href":"https:\/\/www.ccae.ufpb.br\/si\/wp-json\/wp\/v2\/comments?post=53"}],"version-history":[{"count":1,"href":"https:\/\/www.ccae.ufpb.br\/si\/wp-json\/wp\/v2\/pages\/53\/revisions"}],"predecessor-version":[{"id":54,"href":"https:\/\/www.ccae.ufpb.br\/si\/wp-json\/wp\/v2\/pages\/53\/revisions\/54"}],"wp:attachment":[{"href":"https:\/\/www.ccae.ufpb.br\/si\/wp-json\/wp\/v2\/media?parent=53"}],"curies":[{"name":"wp","href":"https:\/\/api.w.org\/{rel}","templated":true}]}}