{"id":43,"date":"2025-06-04T19:47:05","date_gmt":"2025-06-04T22:47:05","guid":{"rendered":"https:\/\/www.ccae.ufpb.br\/siagrt\/?page_id=43"},"modified":"2025-10-22T10:54:24","modified_gmt":"2025-10-22T13:54:24","slug":"tutoriais","status":"publish","type":"page","link":"https:\/\/www.ccae.ufpb.br\/siagrt\/tutoriais\/","title":{"rendered":"Tutoriais"},"content":{"rendered":"\n<p><a href=\"https:\/\/conhecimento.sti.ufpb.br\/books\/acesso-aos-sistemas-sig-manual\/page\/manual-de-acesso-ao-sigaa-discente\">Tutorial para primeiro acesso ao SIGAA<\/a><\/p>\n\n\n\n<p><a href=\"https:\/\/conhecimento.sti.ufpb.br\/books\/matriculas\/page\/realizar-solicitacao-de-matricula\">Tutorial para realiza\u00e7\u00e3o de matr\u00edcula no SIGAA<\/a><\/p>\n\n\n\n<p><a href=\"https:\/\/conhecimento.sti.ufpb.br\/books\/diploma-digital\/page\/visualizar-representacao-visual-do-diploma-digital-pdf\">Tutorial para acesso ao Diploma Digital<\/a><\/p>\n\n\n\n<p><\/p>\n","protected":false},"excerpt":{"rendered":"<p>Tutorial para primeiro acesso ao SIGAA Tutorial para realiza\u00e7\u00e3o de matr\u00edcula no SIGAA Tutorial para [&hellip;]<\/p>\n","protected":false},"author":47,"featured_media":0,"parent":0,"menu_order":7,"comment_status":"closed","ping_status":"closed","template":"","meta":{"footnotes":""},"class_list":["post-43","page","type-page","status-publish","hentry"],"_links":{"self":[{"href":"https:\/\/www.ccae.ufpb.br\/siagrt\/wp-json\/wp\/v2\/pages\/43","targetHints":{"allow":["GET"]}}],"collection":[{"href":"https:\/\/www.ccae.ufpb.br\/siagrt\/wp-json\/wp\/v2\/pages"}],"about":[{"href":"https:\/\/www.ccae.ufpb.br\/siagrt\/wp-json\/wp\/v2\/types\/page"}],"author":[{"embeddable":true,"href":"https:\/\/www.ccae.ufpb.br\/siagrt\/wp-json\/wp\/v2\/users\/47"}],"replies":[{"embeddable":true,"href":"https:\/\/www.ccae.ufpb.br\/siagrt\/wp-json\/wp\/v2\/comments?post=43"}],"version-history":[{"count":5,"href":"https:\/\/www.ccae.ufpb.br\/siagrt\/wp-json\/wp\/v2\/pages\/43\/revisions"}],"predecessor-version":[{"id":117,"href":"https:\/\/www.ccae.ufpb.br\/siagrt\/wp-json\/wp\/v2\/pages\/43\/revisions\/117"}],"wp:attachment":[{"href":"https:\/\/www.ccae.ufpb.br\/siagrt\/wp-json\/wp\/v2\/media?parent=43"}],"curies":[{"name":"wp","href":"https:\/\/api.w.org\/{rel}","templated":true}]}}